{"id":996,"date":"2022-09-01T15:39:05","date_gmt":"2022-09-01T13:39:05","guid":{"rendered":"http:\/\/www.northernbrewers.se\/?page_id=996"},"modified":"2025-10-04T17:52:53","modified_gmt":"2025-10-04T15:52:53","slug":"northern-braggot-2022","status":"publish","type":"page","link":"https:\/\/www.northernbrewers.se\/index.php\/northern-braggot-2022\/","title":{"rendered":"Northern Braggot &#8211; 2025"},"content":{"rendered":"\n<div class=\"wp-block-image\"><figure class=\"alignleft size-large is-resized\"><img loading=\"lazy\" decoding=\"async\" src=\"https:\/\/www.northernbrewers.se\/wp-content\/uploads\/2024\/10\/Bragott_2023-277x1030.png\" alt=\"\" class=\"wp-image-1737\" width=\"139\" height=\"515\" srcset=\"https:\/\/www.northernbrewers.se\/wp-content\/uploads\/2024\/10\/Bragott_2023-81x300.png 81w, https:\/\/www.northernbrewers.se\/wp-content\/uploads\/2024\/10\/Bragott_2023-190x705.png 190w\" sizes=\"(max-width: 139px) 100vw, 139px\" \/><\/figure><\/div>\n\n\n\n<p>En stark ale med honung och rallarros. En fyllig honungsale med anor fr\u00e5n Walesisk medeltid. Alen j\u00e4ser med mycket honung och vi l\u00e4gger ocks\u00e5 till h\u00e4ggmispelb\u00e4r f\u00f6r lite blommig norrl\u00e4ndsk karakt\u00e4r.<br><strong><em>Braggot 2022 vann bronsmedalj p\u00e5 Nolia Beer h\u00f6sten 2022. Det \u00e4r vi stolta \u00f6ver.<\/em><\/strong><\/p>\n\n\n\n<p><strong><em>Det finns fortfarande kvar Braggot 2023 p\u00e5 n\u00e5gra enstaka Systembolag.<\/em><\/strong><\/p>\n\n\n\n<p><em><strong>Stark\u00f6l fr\u00e5n Lappland<\/strong><\/em><br>8,4 % volym, ofiltrerad<\/p>\n\n\n\n<p><em><strong>Ingredienser<\/strong><\/em><br>Vatten fr\u00e5n Ume\u00e4lven, kornmalt, honung, r\u00e5saft fr\u00e5n rallaros, humle, och j\u00e4st.<\/p>\n\n\n\n<p><em><strong>F\u00f6rvaring<\/strong><\/em><br>B\u00f6r f\u00f6rvaras st\u00e5ende m\u00f6rkt och svalt. T\u00e5l att lagras.<\/p>\n\n\n\n<p><em><strong>Passar bra till<\/strong><\/em><br>Kyliga och nederb\u00f6rdsrika dagar.<\/p>\n\n\n\n<div class=\"wp-block-image\"><figure class=\"alignleft size-large is-resized\"><img loading=\"lazy\" decoding=\"async\" src=\"http:\/\/www.northernbrewers.se\/wp-content\/uploads\/2019\/03\/Ska\u0308rmavbild-2019-06-26-kl.-16.38.53.png\" alt=\"\" class=\"wp-image-472\" width=\"60\" height=\"38\"\/><\/figure><\/div>\n\n\n\n<p><\/p>\n\n\n\n<p><\/p>\n\n\n\n<p>Systembolaget artikel nr <a rel=\"noreferrer noopener\" href=\"https:\/\/www.systembolaget.se\/produkt\/ol\/northern-brewers-3260303\/\" target=\"_blank\">32603\u203a\u203a<\/a><\/p>\n\n\n\n<p><\/p>\n","protected":false},"excerpt":{"rendered":"<p>En stark ale med honung och rallarros. En fyllig honungsale med anor fr\u00e5n Walesisk medeltid. Alen j\u00e4ser med mycket honung och vi l\u00e4gger ocks\u00e5 till h\u00e4ggmispelb\u00e4r f\u00f6r lite blommig norrl\u00e4ndsk karakt\u00e4r.Braggot 2022 vann bronsmedalj p\u00e5 Nolia Beer h\u00f6sten 2022. Det \u00e4r vi stolta \u00f6ver. Det finns fortfarande kvar Braggot 2023 p\u00e5 n\u00e5gra enstaka Systembolag. Stark\u00f6l [&hellip;]<\/p>\n","protected":false},"author":1,"featured_media":0,"parent":0,"menu_order":0,"comment_status":"closed","ping_status":"closed","template":"","meta":{"footnotes":""},"class_list":["post-996","page","type-page","status-publish","hentry"],"_links":{"self":[{"href":"https:\/\/www.northernbrewers.se\/index.php\/wp-json\/wp\/v2\/pages\/996"}],"collection":[{"href":"https:\/\/www.northernbrewers.se\/index.php\/wp-json\/wp\/v2\/pages"}],"about":[{"href":"https:\/\/www.northernbrewers.se\/index.php\/wp-json\/wp\/v2\/types\/page"}],"author":[{"embeddable":true,"href":"https:\/\/www.northernbrewers.se\/index.php\/wp-json\/wp\/v2\/users\/1"}],"replies":[{"embeddable":true,"href":"https:\/\/www.northernbrewers.se\/index.php\/wp-json\/wp\/v2\/comments?post=996"}],"version-history":[{"count":8,"href":"https:\/\/www.northernbrewers.se\/index.php\/wp-json\/wp\/v2\/pages\/996\/revisions"}],"predecessor-version":[{"id":1902,"href":"https:\/\/www.northernbrewers.se\/index.php\/wp-json\/wp\/v2\/pages\/996\/revisions\/1902"}],"wp:attachment":[{"href":"https:\/\/www.northernbrewers.se\/index.php\/wp-json\/wp\/v2\/media?parent=996"}],"curies":[{"name":"wp","href":"https:\/\/api.w.org\/{rel}","templated":true}]}}