{"id":914,"date":"2021-11-04T15:47:42","date_gmt":"2021-11-04T14:47:42","guid":{"rendered":"http:\/\/www.northernbrewers.se\/?page_id=914"},"modified":"2024-10-17T09:21:09","modified_gmt":"2024-10-17T07:21:09","slug":"northern-julmust","status":"publish","type":"page","link":"https:\/\/www.northernbrewers.se\/index.php\/northern-julmust\/","title":{"rendered":"Northern Julmust"},"content":{"rendered":"\n<figure class=\"wp-block-image alignleft size-large is-resized\"><img loading=\"lazy\" decoding=\"async\" width=\"601\" height=\"1030\" src=\"https:\/\/www.northernbrewers.se\/wp-content\/uploads\/2024\/10\/SidaMust_1200_700-601x1030.png\" alt=\"\" class=\"wp-image-1800\" style=\"aspect-ratio:0.7764705882352941;object-fit:contain;width:369px;height:auto\" srcset=\"https:\/\/www.northernbrewers.se\/wp-content\/uploads\/2024\/10\/SidaMust_1200_700-601x1030.png 601w, https:\/\/www.northernbrewers.se\/wp-content\/uploads\/2024\/10\/SidaMust_1200_700-175x300.png 175w, https:\/\/www.northernbrewers.se\/wp-content\/uploads\/2024\/10\/SidaMust_1200_700-600x1029.png 600w, https:\/\/www.northernbrewers.se\/wp-content\/uploads\/2024\/10\/SidaMust_1200_700-411x705.png 411w, https:\/\/www.northernbrewers.se\/wp-content\/uploads\/2024\/10\/SidaMust_1200_700.png 700w\" sizes=\"(max-width: 601px) 100vw, 601px\" \/><\/figure>\n\n\n\n<p>Inf\u00f6r varje \u00e5r g\u00f6r vi en Julmust som s\u00e4ljs regionalt i ICA-, OKQ8- och COOP-butiker i V\u00e4sterbotten.<\/p>\n\n\n\n<p><strong><em>Julmust fr\u00e5n Lappland<\/em><\/strong><br>Ingen alkohol, s\u00e5klart<br><br><strong><em>Ingredienser<\/em><\/strong><br>Vattenfr\u00e5n Ume\u00e4lven och julmustingredienser<br><br><strong><em>F\u00f6rvaring<\/em><\/strong><br>B\u00f6r f\u00f6rvaras st\u00e5ende, m\u00f6rkt och svalt.<br><br><strong><em>Passar bra till<\/em><\/strong><br><em>Jul och julmat<\/em><br><\/p>\n\n\n\n<p><\/p>\n","protected":false},"excerpt":{"rendered":"<p>Inf\u00f6r varje \u00e5r g\u00f6r vi en Julmust som s\u00e4ljs regionalt i ICA-, OKQ8- och COOP-butiker i V\u00e4sterbotten. Julmust fr\u00e5n LapplandIngen alkohol, s\u00e5klart IngredienserVattenfr\u00e5n Ume\u00e4lven och julmustingredienser F\u00f6rvaringB\u00f6r f\u00f6rvaras st\u00e5ende, m\u00f6rkt och svalt. Passar bra tillJul och julmat<\/p>\n","protected":false},"author":1,"featured_media":0,"parent":0,"menu_order":0,"comment_status":"closed","ping_status":"closed","template":"","meta":{"footnotes":""},"class_list":["post-914","page","type-page","status-publish","hentry"],"_links":{"self":[{"href":"https:\/\/www.northernbrewers.se\/index.php\/wp-json\/wp\/v2\/pages\/914"}],"collection":[{"href":"https:\/\/www.northernbrewers.se\/index.php\/wp-json\/wp\/v2\/pages"}],"about":[{"href":"https:\/\/www.northernbrewers.se\/index.php\/wp-json\/wp\/v2\/types\/page"}],"author":[{"embeddable":true,"href":"https:\/\/www.northernbrewers.se\/index.php\/wp-json\/wp\/v2\/users\/1"}],"replies":[{"embeddable":true,"href":"https:\/\/www.northernbrewers.se\/index.php\/wp-json\/wp\/v2\/comments?post=914"}],"version-history":[{"count":5,"href":"https:\/\/www.northernbrewers.se\/index.php\/wp-json\/wp\/v2\/pages\/914\/revisions"}],"predecessor-version":[{"id":1803,"href":"https:\/\/www.northernbrewers.se\/index.php\/wp-json\/wp\/v2\/pages\/914\/revisions\/1803"}],"wp:attachment":[{"href":"https:\/\/www.northernbrewers.se\/index.php\/wp-json\/wp\/v2\/media?parent=914"}],"curies":[{"name":"wp","href":"https:\/\/api.w.org\/{rel}","templated":true}]}}