{"id":719,"date":"2021-03-20T21:25:33","date_gmt":"2021-03-20T20:25:33","guid":{"rendered":"http:\/\/www.northernbrewers.se\/?page_id=719"},"modified":"2021-03-20T21:34:31","modified_gmt":"2021-03-20T20:34:31","slug":"katol-pasklager","status":"publish","type":"page","link":"https:\/\/www.northernbrewers.se\/index.php\/katol-pasklager\/","title":{"rendered":"K\u00e5t\u00f6l P\u00e5sklager"},"content":{"rendered":"\n<p>En mustig maltig smak med inslag av kavring, torkad frukt, sirap, n\u00f6tter, kaffe och pomerans.<br>Nya tidens jul\u00f6l med inspiration fr\u00e5n Lappland.<\/p>\n\n\n\n<div class=\"wp-block-image\"><figure class=\"alignleft size-large is-resized\"><img loading=\"lazy\" decoding=\"async\" src=\"http:\/\/www.northernbrewers.se\/wp-content\/uploads\/2021\/03\/24567050_800-1-269x1024.png\" alt=\"\" class=\"wp-image-722\" width=\"146\" height=\"554\"\/><\/figure><\/div>\n\n\n\n<p><strong><em>Svensk stark\u00f6l<\/em><\/strong><br>4<em>,8 % volym<\/em><\/p>\n\n\n\n<p><strong><em>Ingredienser<\/em><\/strong><br>Vatten, kornmalt, humle, j\u00e4st.<br><br><strong><em>F\u00f6rvaring<\/em><\/strong><br><em>B\u00f6r f\u00f6rvaras st\u00e5ende, m\u00f6rkt och svalt.<\/em><br><br><strong><em>Passar bra till<\/em><\/strong><br><em>P\u00e5sk mat och annan mat.<\/em><\/p>\n\n\n\n<figure class=\"wp-block-image size-large\"><img decoding=\"async\" src=\"http:\/\/www.northernbrewers.se\/wp-content\/uploads\/2019\/03\/Sk\u00e4rmavbild-2019-06-26-kl.-16.38.53.png\" alt=\"\" class=\"wp-image-472\"\/><\/figure>\n\n\n\n<p><br>Systembolaget artikel nr <a href=\"https:\/\/www.systembolaget.se\/produkt\/ol\/katol-paskol-35752\">35752<\/a><\/p>\n\n\n\n<p><a href=\"https:\/\/www.systembolaget.se\/produkt\/ol\/northern-brewers-3523603\/\"> \u203a\u203a<\/a><\/p>\n","protected":false},"excerpt":{"rendered":"<p>En mustig maltig smak med inslag av kavring, torkad frukt, sirap, n\u00f6tter, kaffe och pomerans.Nya tidens jul\u00f6l med inspiration fr\u00e5n Lappland. Svensk stark\u00f6l4,8 % volym IngredienserVatten, kornmalt, humle, j\u00e4st. F\u00f6rvaringB\u00f6r f\u00f6rvaras st\u00e5ende, m\u00f6rkt och svalt. Passar bra tillP\u00e5sk mat och annan mat. Systembolaget artikel nr 35752 \u203a\u203a<\/p>\n","protected":false},"author":1,"featured_media":0,"parent":0,"menu_order":0,"comment_status":"closed","ping_status":"closed","template":"","meta":{"footnotes":""},"class_list":["post-719","page","type-page","status-publish","hentry"],"_links":{"self":[{"href":"https:\/\/www.northernbrewers.se\/index.php\/wp-json\/wp\/v2\/pages\/719"}],"collection":[{"href":"https:\/\/www.northernbrewers.se\/index.php\/wp-json\/wp\/v2\/pages"}],"about":[{"href":"https:\/\/www.northernbrewers.se\/index.php\/wp-json\/wp\/v2\/types\/page"}],"author":[{"embeddable":true,"href":"https:\/\/www.northernbrewers.se\/index.php\/wp-json\/wp\/v2\/users\/1"}],"replies":[{"embeddable":true,"href":"https:\/\/www.northernbrewers.se\/index.php\/wp-json\/wp\/v2\/comments?post=719"}],"version-history":[{"count":7,"href":"https:\/\/www.northernbrewers.se\/index.php\/wp-json\/wp\/v2\/pages\/719\/revisions"}],"predecessor-version":[{"id":731,"href":"https:\/\/www.northernbrewers.se\/index.php\/wp-json\/wp\/v2\/pages\/719\/revisions\/731"}],"wp:attachment":[{"href":"https:\/\/www.northernbrewers.se\/index.php\/wp-json\/wp\/v2\/media?parent=719"}],"curies":[{"name":"wp","href":"https:\/\/api.w.org\/{rel}","templated":true}]}}