{"id":708,"date":"2021-03-12T10:55:51","date_gmt":"2021-03-12T09:55:51","guid":{"rendered":"http:\/\/www.northernbrewers.se\/?page_id=708"},"modified":"2024-10-16T19:03:04","modified_gmt":"2024-10-16T17:03:04","slug":"northern-folk","status":"publish","type":"page","link":"https:\/\/www.northernbrewers.se\/index.php\/northern-folk\/","title":{"rendered":"Northern Folk"},"content":{"rendered":"\n<figure class=\"wp-block-image alignleft size-large is-resized\"><img loading=\"lazy\" decoding=\"async\" width=\"601\" height=\"1030\" src=\"http:\/\/www.northernbrewers.se\/wp-content\/uploads\/2024\/10\/Sidbild_Folkbla_1200_700-601x1030.png\" alt=\"\" class=\"wp-image-1796\" style=\"width:auto;height:510px\" srcset=\"https:\/\/www.northernbrewers.se\/wp-content\/uploads\/2024\/10\/Sidbild_Folkbla_1200_700-601x1030.png 601w, https:\/\/www.northernbrewers.se\/wp-content\/uploads\/2024\/10\/Sidbild_Folkbla_1200_700-175x300.png 175w, https:\/\/www.northernbrewers.se\/wp-content\/uploads\/2024\/10\/Sidbild_Folkbla_1200_700-600x1029.png 600w, https:\/\/www.northernbrewers.se\/wp-content\/uploads\/2024\/10\/Sidbild_Folkbla_1200_700-411x705.png 411w, https:\/\/www.northernbrewers.se\/wp-content\/uploads\/2024\/10\/Sidbild_Folkbla_1200_700.png 700w\" sizes=\"(max-width: 601px) 100vw, 601px\" \/><\/figure>\n\n\n\n<p><strong>Folk\u00f6l med bl\u00e5b\u00e4rskarakt\u00e4r.<\/strong><br>En folkale fr\u00e5n Lappland. En frisk l\u00e4tt syrlig m\u00e5ltidsdryck eller t\u00f6rstsl\u00e4ckare med en touch av bl\u00e5b\u00e4r plockade i de norrl\u00e4ndska skogarna. Den friska smaken och f\u00e4rgen kan vi tacka bl\u00e5b\u00e4ren f\u00f6r.<\/p>\n\n\n\n<p><em><strong>Folk\u00f6l fr\u00e5n Lappland<\/strong><\/em><br>3,5 % volym, ofiltrerad<\/p>\n\n\n\n<p><em><strong>Ingredienser<\/strong><\/em><br>Vatten fr\u00e5n Ume\u00e4lven, kornmalt, bl\u00e5b\u00e4r, humle och j\u00e4st.<\/p>\n\n\n\n<p><em><strong>F\u00f6rvaring<\/strong><\/em><br>St\u00e5ende m\u00f6rkt och svalt. T\u00e5l att lagras.<\/p>\n\n\n\n<p><em><strong>Passar bra <\/strong><\/em><strong><em>som:<\/em><\/strong><br>M\u00e5ltidsdryck och som t\u00f6rstsl\u00e4ckare. Serveras v\u00e4lkyld.<\/p>\n","protected":false},"excerpt":{"rendered":"<p>Folk\u00f6l med bl\u00e5b\u00e4rskarakt\u00e4r.En folkale fr\u00e5n Lappland. En frisk l\u00e4tt syrlig m\u00e5ltidsdryck eller t\u00f6rstsl\u00e4ckare med en touch av bl\u00e5b\u00e4r plockade i de norrl\u00e4ndska skogarna. Den friska smaken och f\u00e4rgen kan vi tacka bl\u00e5b\u00e4ren f\u00f6r. Folk\u00f6l fr\u00e5n Lappland3,5 % volym, ofiltrerad IngredienserVatten fr\u00e5n Ume\u00e4lven, kornmalt, bl\u00e5b\u00e4r, humle och j\u00e4st. F\u00f6rvaringSt\u00e5ende m\u00f6rkt och svalt. T\u00e5l att lagras. Passar [&hellip;]<\/p>\n","protected":false},"author":1,"featured_media":0,"parent":0,"menu_order":0,"comment_status":"closed","ping_status":"closed","template":"","meta":{"footnotes":""},"class_list":["post-708","page","type-page","status-publish","hentry"],"_links":{"self":[{"href":"https:\/\/www.northernbrewers.se\/index.php\/wp-json\/wp\/v2\/pages\/708"}],"collection":[{"href":"https:\/\/www.northernbrewers.se\/index.php\/wp-json\/wp\/v2\/pages"}],"about":[{"href":"https:\/\/www.northernbrewers.se\/index.php\/wp-json\/wp\/v2\/types\/page"}],"author":[{"embeddable":true,"href":"https:\/\/www.northernbrewers.se\/index.php\/wp-json\/wp\/v2\/users\/1"}],"replies":[{"embeddable":true,"href":"https:\/\/www.northernbrewers.se\/index.php\/wp-json\/wp\/v2\/comments?post=708"}],"version-history":[{"count":7,"href":"https:\/\/www.northernbrewers.se\/index.php\/wp-json\/wp\/v2\/pages\/708\/revisions"}],"predecessor-version":[{"id":1797,"href":"https:\/\/www.northernbrewers.se\/index.php\/wp-json\/wp\/v2\/pages\/708\/revisions\/1797"}],"wp:attachment":[{"href":"https:\/\/www.northernbrewers.se\/index.php\/wp-json\/wp\/v2\/media?parent=708"}],"curies":[{"name":"wp","href":"https:\/\/api.w.org\/{rel}","templated":true}]}}