{"id":662,"date":"2020-12-07T17:56:06","date_gmt":"2020-12-07T16:56:06","guid":{"rendered":"http:\/\/www.northernbrewers.se\/?page_id=662"},"modified":"2023-01-27T17:25:41","modified_gmt":"2023-01-27T16:25:41","slug":"streaplers-officiella-lager","status":"publish","type":"page","link":"https:\/\/www.northernbrewers.se\/index.php\/streaplers-officiella-lager\/","title":{"rendered":"Streaplers officiella lager"},"content":{"rendered":"\n<div class=\"wp-block-image\"><figure class=\"alignleft size-large\"><img loading=\"lazy\" decoding=\"async\" width=\"209\" height=\"525\" src=\"http:\/\/www.northernbrewers.se\/wp-content\/uploads\/2023\/01\/Streaplers525.jpg\" alt=\"\" class=\"wp-image-1398\" srcset=\"https:\/\/www.northernbrewers.se\/wp-content\/uploads\/2023\/01\/Streaplers525.jpg 209w, https:\/\/www.northernbrewers.se\/wp-content\/uploads\/2023\/01\/Streaplers525-119x300.jpg 119w\" sizes=\"(max-width: 209px) 100vw, 209px\" \/><\/figure><\/div>\n\n\n\n<p>En dansant ljus lager som bryggs med \u00e4kta musikalisk taktk\u00e4nsla. Maltig smak med inslag av kn\u00e4ckebr\u00f6d, honung, citrus och \u00f6rter. L\u00e5g beska och frisk fr\u00e4sch\u00f6r.<\/p>\n\n\n\n<p><strong><em>Svensk stark\u00f6l<\/em><\/strong><br>5,3<em> % volym<\/em><\/p>\n\n\n\n<p><strong><em>Ingredienser<\/em><\/strong><br>Vatten, kornmalt, humle, j\u00e4st.<br><br><strong><em>F\u00f6rvaring<\/em><\/strong><br><em>B\u00f6r f\u00f6rvaras st\u00e5ende, m\u00f6rkt och svalt.<\/em><br><br><strong><em>Passar bra till<\/em><\/strong><br><em>Till det mesta och som s\u00e4llskapsdryck.<\/em><br><\/p>\n\n\n\n<div class=\"wp-block-image\"><figure class=\"alignleft size-large is-resized\"><img loading=\"lazy\" decoding=\"async\" src=\"http:\/\/www.northernbrewers.se\/wp-content\/uploads\/2019\/03\/Ska\u0308rmavbild-2019-06-26-kl.-16.38.53.png\" alt=\"\" class=\"wp-image-472\" width=\"81\" height=\"46\"\/><\/figure><\/div>\n\n\n\n<p><br><br><br>Systembolaget artikel nr <a href=\"https:\/\/www.systembolaget.se\/produkt\/ol\/streaplers-lager-3531303\/\">35313 \u203a\u203a<\/a><\/p>\n","protected":false},"excerpt":{"rendered":"<p>En dansant ljus lager som bryggs med \u00e4kta musikalisk taktk\u00e4nsla. Maltig smak med inslag av kn\u00e4ckebr\u00f6d, honung, citrus och \u00f6rter. L\u00e5g beska och frisk fr\u00e4sch\u00f6r. Svensk stark\u00f6l5,3 % volym IngredienserVatten, kornmalt, humle, j\u00e4st. F\u00f6rvaringB\u00f6r f\u00f6rvaras st\u00e5ende, m\u00f6rkt och svalt. Passar bra tillTill det mesta och som s\u00e4llskapsdryck. Systembolaget artikel nr 35313 \u203a\u203a<\/p>\n","protected":false},"author":1,"featured_media":0,"parent":0,"menu_order":0,"comment_status":"closed","ping_status":"closed","template":"","meta":{"footnotes":""},"class_list":["post-662","page","type-page","status-publish","hentry"],"_links":{"self":[{"href":"https:\/\/www.northernbrewers.se\/index.php\/wp-json\/wp\/v2\/pages\/662"}],"collection":[{"href":"https:\/\/www.northernbrewers.se\/index.php\/wp-json\/wp\/v2\/pages"}],"about":[{"href":"https:\/\/www.northernbrewers.se\/index.php\/wp-json\/wp\/v2\/types\/page"}],"author":[{"embeddable":true,"href":"https:\/\/www.northernbrewers.se\/index.php\/wp-json\/wp\/v2\/users\/1"}],"replies":[{"embeddable":true,"href":"https:\/\/www.northernbrewers.se\/index.php\/wp-json\/wp\/v2\/comments?post=662"}],"version-history":[{"count":4,"href":"https:\/\/www.northernbrewers.se\/index.php\/wp-json\/wp\/v2\/pages\/662\/revisions"}],"predecessor-version":[{"id":1400,"href":"https:\/\/www.northernbrewers.se\/index.php\/wp-json\/wp\/v2\/pages\/662\/revisions\/1400"}],"wp:attachment":[{"href":"https:\/\/www.northernbrewers.se\/index.php\/wp-json\/wp\/v2\/media?parent=662"}],"curies":[{"name":"wp","href":"https:\/\/api.w.org\/{rel}","templated":true}]}}