{"id":6,"date":"2017-02-20T15:05:53","date_gmt":"2017-02-20T14:05:53","guid":{"rendered":"http:\/\/www.northernbrewers.se\/?page_id=6"},"modified":"2023-01-24T16:28:12","modified_gmt":"2023-01-24T15:28:12","slug":"kontakt","status":"publish","type":"page","link":"https:\/\/www.northernbrewers.se\/index.php\/kontakt\/","title":{"rendered":"Kontakt"},"content":{"rendered":"<p>Du kan n\u00e5 oss p\u00e5 <strong>info@northernbrewers.se<\/strong><br \/>\nEller ringa Markus p\u00e5 telefon <strong>070-699 52 67<\/strong>.<\/p>\n<p>Vill du skicka brev till oss g\u00e5r det ocks\u00e5 bra:<br \/>\n<strong>Norrlandsbryggarna AB<\/strong><br \/>\n<em>(parallelfirma Northern Brewers)<\/em><br \/>\nBl\u00e5 v\u00e4gen 246<br \/>\n923 31 Storuman<\/p>\n<p>V\u00e5rt organisationsnummer \u00e4r: <strong>559066-7738<\/strong><\/p>\n","protected":false},"excerpt":{"rendered":"<p>Du kan n\u00e5 oss p\u00e5 info@northernbrewers.se Eller ringa Markus p\u00e5 telefon 070-699 52 67. Vill du skicka brev till oss g\u00e5r det ocks\u00e5 bra: Norrlandsbryggarna AB (parallelfirma Northern Brewers) Bl\u00e5 v\u00e4gen 246 923 31 Storuman V\u00e5rt organisationsnummer \u00e4r: 559066-7738<\/p>\n","protected":false},"author":1,"featured_media":0,"parent":0,"menu_order":0,"comment_status":"closed","ping_status":"closed","template":"","meta":{"footnotes":""},"class_list":["post-6","page","type-page","status-publish","hentry"],"_links":{"self":[{"href":"https:\/\/www.northernbrewers.se\/index.php\/wp-json\/wp\/v2\/pages\/6"}],"collection":[{"href":"https:\/\/www.northernbrewers.se\/index.php\/wp-json\/wp\/v2\/pages"}],"about":[{"href":"https:\/\/www.northernbrewers.se\/index.php\/wp-json\/wp\/v2\/types\/page"}],"author":[{"embeddable":true,"href":"https:\/\/www.northernbrewers.se\/index.php\/wp-json\/wp\/v2\/users\/1"}],"replies":[{"embeddable":true,"href":"https:\/\/www.northernbrewers.se\/index.php\/wp-json\/wp\/v2\/comments?post=6"}],"version-history":[{"count":7,"href":"https:\/\/www.northernbrewers.se\/index.php\/wp-json\/wp\/v2\/pages\/6\/revisions"}],"predecessor-version":[{"id":128,"href":"https:\/\/www.northernbrewers.se\/index.php\/wp-json\/wp\/v2\/pages\/6\/revisions\/128"}],"wp:attachment":[{"href":"https:\/\/www.northernbrewers.se\/index.php\/wp-json\/wp\/v2\/media?parent=6"}],"curies":[{"name":"wp","href":"https:\/\/api.w.org\/{rel}","templated":true}]}}