{"id":462,"date":"2019-06-18T08:48:38","date_gmt":"2019-06-18T06:48:38","guid":{"rendered":"http:\/\/www.northernbrewers.se\/?page_id=462"},"modified":"2025-09-25T21:38:39","modified_gmt":"2025-09-25T19:38:39","slug":"ripa","status":"publish","type":"page","link":"https:\/\/www.northernbrewers.se\/index.php\/ripa\/","title":{"rendered":"RIPA \u2013 IPA med ripkr\u00e4va"},"content":{"rendered":"\n<figure class=\"wp-block-image alignleft size-large is-resized\"><img loading=\"lazy\" decoding=\"async\" width=\"650\" height=\"1030\" src=\"http:\/\/www.northernbrewers.se\/wp-content\/uploads\/2025\/09\/Ripburk-650x1030.png\" alt=\"\" class=\"wp-image-1894\" style=\"width:249px;height:auto\" srcset=\"https:\/\/www.northernbrewers.se\/wp-content\/uploads\/2025\/09\/Ripburk-650x1030.png 650w, https:\/\/www.northernbrewers.se\/wp-content\/uploads\/2025\/09\/Ripburk-189x300.png 189w, https:\/\/www.northernbrewers.se\/wp-content\/uploads\/2025\/09\/Ripburk-768x1218.png 768w, https:\/\/www.northernbrewers.se\/wp-content\/uploads\/2025\/09\/Ripburk-969x1536.png 969w, https:\/\/www.northernbrewers.se\/wp-content\/uploads\/2025\/09\/Ripburk-1292x2048.png 1292w, https:\/\/www.northernbrewers.se\/wp-content\/uploads\/2025\/09\/Ripburk-946x1500.png 946w, https:\/\/www.northernbrewers.se\/wp-content\/uploads\/2025\/09\/Ripburk-445x705.png 445w, https:\/\/www.northernbrewers.se\/wp-content\/uploads\/2025\/09\/Ripburk-1320x2093.png 1320w, https:\/\/www.northernbrewers.se\/wp-content\/uploads\/2025\/09\/Ripburk.png 1388w\" sizes=\"(max-width: 650px) 100vw, 650px\" \/><\/figure>\n\n\n<p>En traditionell IPA av brittiskt typ, smaksatt med kr\u00e4van fr\u00e5n Lappl\u00e4ndska ripor. Kr\u00e4van \u00e4r en muskels\u00e4ck i strupen d\u00e4r<br \/>\nmaten mjukas upp innan den forts\u00e4tter vidare till f\u00e5gelns mage. Inneh\u00e5llet i kr\u00e4van varierar mellan \u00e5rstiderna, allt fr\u00e5n b\u00e4r<br \/>\ntill v\u00e4xtdelar. Kr\u00e4van kr\u00e4vs f\u00f6r ett kr\u00e4vande \u00f6l.<\/p>\n<p><strong>Svensk stark\u00f6l<\/strong><br \/>\n5,2 % volym<\/p>\n<p><strong>Ingredienser<\/strong><br \/>\nVatten fr\u00e5n Ume\u00e4lven, naturligt syrade v\u00e4xtdelar fr\u00e5n kr\u00e4van, <strong>kornmalt<\/strong>, humle och j\u00e4st.<\/p>\n<p><strong>F\u00f6rvaring<\/strong><br \/>\nSt\u00e5ende, m\u00f6rkt och svalt.<\/p>\n<p><strong>Passar bra till<\/strong><br \/>\nVilt och till trevlig afterjakt.<\/p>\n\n\n<figure class=\"wp-block-image alignleft size-large is-resized\"><img loading=\"lazy\" decoding=\"async\" width=\"122\" height=\"70\" src=\"http:\/\/www.northernbrewers.se\/wp-content\/uploads\/2019\/03\/Ska\u0308rmavbild-2019-06-26-kl.-16.38.53.png\" alt=\"\" class=\"wp-image-472\"\/><\/figure>\n\n\n\n<p><\/p>\n\n\n\n<p><\/p>\n\n\n\n<p>Systembolaget artikel nr <a href=\"https:\/\/www.systembolaget.se\/produkt\/ol\/norrlandsbryggarna-3303515\/\" target=\"_blank\" rel=\"noreferrer noopener\">33035\u203a\u203a<\/a><\/p>\n\n\n\n<p><\/p>\n","protected":false},"excerpt":{"rendered":"<p>En traditionell IPA av brittiskt typ, smaksatt med kr\u00e4van fr\u00e5n Lappl\u00e4ndska ripor. Kr\u00e4van \u00e4r en muskels\u00e4ck i strupen d\u00e4r maten mjukas upp innan den forts\u00e4tter vidare till f\u00e5gelns mage. Inneh\u00e5llet i kr\u00e4van varierar mellan \u00e5rstiderna, allt fr\u00e5n b\u00e4r till v\u00e4xtdelar. Kr\u00e4van kr\u00e4vs f\u00f6r ett kr\u00e4vande \u00f6l. Svensk stark\u00f6l 5,2 % volym Ingredienser Vatten fr\u00e5n Ume\u00e4lven, [&hellip;]<\/p>\n","protected":false},"author":1,"featured_media":0,"parent":0,"menu_order":0,"comment_status":"closed","ping_status":"closed","template":"","meta":{"footnotes":""},"class_list":["post-462","page","type-page","status-publish","hentry"],"_links":{"self":[{"href":"https:\/\/www.northernbrewers.se\/index.php\/wp-json\/wp\/v2\/pages\/462"}],"collection":[{"href":"https:\/\/www.northernbrewers.se\/index.php\/wp-json\/wp\/v2\/pages"}],"about":[{"href":"https:\/\/www.northernbrewers.se\/index.php\/wp-json\/wp\/v2\/types\/page"}],"author":[{"embeddable":true,"href":"https:\/\/www.northernbrewers.se\/index.php\/wp-json\/wp\/v2\/users\/1"}],"replies":[{"embeddable":true,"href":"https:\/\/www.northernbrewers.se\/index.php\/wp-json\/wp\/v2\/comments?post=462"}],"version-history":[{"count":8,"href":"https:\/\/www.northernbrewers.se\/index.php\/wp-json\/wp\/v2\/pages\/462\/revisions"}],"predecessor-version":[{"id":1897,"href":"https:\/\/www.northernbrewers.se\/index.php\/wp-json\/wp\/v2\/pages\/462\/revisions\/1897"}],"wp:attachment":[{"href":"https:\/\/www.northernbrewers.se\/index.php\/wp-json\/wp\/v2\/media?parent=462"}],"curies":[{"name":"wp","href":"https:\/\/api.w.org\/{rel}","templated":true}]}}