{"id":452,"date":"2019-05-17T15:18:29","date_gmt":"2019-05-17T13:18:29","guid":{"rendered":"http:\/\/www.northernbrewers.se\/?page_id=452"},"modified":"2024-10-16T11:35:34","modified_gmt":"2024-10-16T09:35:34","slug":"katol-lager","status":"publish","type":"page","link":"https:\/\/www.northernbrewers.se\/index.php\/katol-lager\/","title":{"rendered":"K\u00e5t\u00f6l Lager"},"content":{"rendered":"<p><\/p>\n\n\n<div class=\"wp-block-image\"><figure class=\"alignleft size-large is-resized\"><img loading=\"lazy\" decoding=\"async\" src=\"http:\/\/www.northernbrewers.se\/wp-content\/uploads\/2024\/10\/KLagersida1200_700-601x1030.png\" alt=\"\" class=\"wp-image-1711\" width=\"301\" height=\"515\" srcset=\"https:\/\/www.northernbrewers.se\/wp-content\/uploads\/2024\/10\/KLagersida1200_700-601x1030.png 601w, https:\/\/www.northernbrewers.se\/wp-content\/uploads\/2024\/10\/KLagersida1200_700-175x300.png 175w, https:\/\/www.northernbrewers.se\/wp-content\/uploads\/2024\/10\/KLagersida1200_700-600x1029.png 600w, https:\/\/www.northernbrewers.se\/wp-content\/uploads\/2024\/10\/KLagersida1200_700-411x705.png 411w, https:\/\/www.northernbrewers.se\/wp-content\/uploads\/2024\/10\/KLagersida1200_700.png 700w\" sizes=\"(max-width: 301px) 100vw, 301px\" \/><\/figure><\/div>\n\n\n<p>K\u00e5t\u00f6l Lager \u00e4r en modern ljus lager som bryggs med \u00e4kta Norrl\u00e4ndsk k\u00e4rlek! Smaken \u00e4r maltig smak med inslag av \u00f6rter, kn\u00e4ckebr\u00f6d och frisk apelsin.<br \/>Nya tidens \u00f6l med inspiration fr\u00e5n Lappland.<\/p>\n<p><strong><em>Svensk stark\u00f6l<\/em><\/strong><br \/>5<em>,0 % volym, 33 cl<br \/><\/em><\/p>\n<p><strong><em>Ingredienser<\/em><\/strong><br \/>Vatten, kornmalt och humle<br \/><em>\u00a0<\/em><br \/><strong><em>F\u00f6rvaring<\/em><\/strong><br \/><em>B\u00f6r f\u00f6rvaras m\u00f6rkt och svalt.<\/em><br \/><strong><em>\u00a0<\/em><\/strong><br \/><strong><em>Passar bra till<\/em><\/strong><br \/><em>r\u00e4tter av lamm- och n\u00f6tk\u00f6tt och som s\u00e4llskapsdryck.<\/em><\/p>\n<p><img loading=\"lazy\" decoding=\"async\" class=\"alignnone wp-image-472\" src=\"http:\/\/www.northernbrewers.se\/wp-content\/uploads\/2019\/03\/Ska\u0308rmavbild-2019-06-26-kl.-16.38.53.png\" alt=\"\" width=\"60\" height=\"38\" \/><br \/>Systembolaget artikel nr <a href=\"https:\/\/www.systembolaget.se\/produkt\/ol\/northern-brewers-3213215\/\" target=\"_blank\" rel=\"noopener\">32132\u00a0\u203a\u203a<\/a><\/p>\n<p>\u00a0<\/p>\n\n\n<p><\/p>\n","protected":false},"excerpt":{"rendered":"<p>K\u00e5t\u00f6l Lager \u00e4r en modern ljus lager som bryggs med \u00e4kta Norrl\u00e4ndsk k\u00e4rlek! Smaken \u00e4r maltig smak med inslag av \u00f6rter, kn\u00e4ckebr\u00f6d och frisk apelsin.Nya tidens \u00f6l med inspiration fr\u00e5n Lappland. Svensk stark\u00f6l5,0 % volym, 33 cl IngredienserVatten, kornmalt och humle\u00a0F\u00f6rvaringB\u00f6r f\u00f6rvaras m\u00f6rkt och svalt.\u00a0Passar bra tillr\u00e4tter av lamm- och n\u00f6tk\u00f6tt och som s\u00e4llskapsdryck. Systembolaget [&hellip;]<\/p>\n","protected":false},"author":1,"featured_media":0,"parent":0,"menu_order":0,"comment_status":"closed","ping_status":"closed","template":"","meta":{"footnotes":""},"class_list":["post-452","page","type-page","status-publish","hentry"],"_links":{"self":[{"href":"https:\/\/www.northernbrewers.se\/index.php\/wp-json\/wp\/v2\/pages\/452"}],"collection":[{"href":"https:\/\/www.northernbrewers.se\/index.php\/wp-json\/wp\/v2\/pages"}],"about":[{"href":"https:\/\/www.northernbrewers.se\/index.php\/wp-json\/wp\/v2\/types\/page"}],"author":[{"embeddable":true,"href":"https:\/\/www.northernbrewers.se\/index.php\/wp-json\/wp\/v2\/users\/1"}],"replies":[{"embeddable":true,"href":"https:\/\/www.northernbrewers.se\/index.php\/wp-json\/wp\/v2\/comments?post=452"}],"version-history":[{"count":10,"href":"https:\/\/www.northernbrewers.se\/index.php\/wp-json\/wp\/v2\/pages\/452\/revisions"}],"predecessor-version":[{"id":1745,"href":"https:\/\/www.northernbrewers.se\/index.php\/wp-json\/wp\/v2\/pages\/452\/revisions\/1745"}],"wp:attachment":[{"href":"https:\/\/www.northernbrewers.se\/index.php\/wp-json\/wp\/v2\/media?parent=452"}],"curies":[{"name":"wp","href":"https:\/\/api.w.org\/{rel}","templated":true}]}}