{"id":4,"date":"2017-02-20T15:05:43","date_gmt":"2017-02-20T14:05:43","guid":{"rendered":"http:\/\/www.northernbrewers.se\/?page_id=4"},"modified":"2023-01-24T16:27:15","modified_gmt":"2023-01-24T15:27:15","slug":"om-oss","status":"publish","type":"page","link":"https:\/\/www.northernbrewers.se\/index.php\/om-oss\/","title":{"rendered":"Om oss"},"content":{"rendered":"\n<figure class=\"wp-block-image size-large\"><img loading=\"lazy\" decoding=\"async\" class=\"wp-image-739 alignright\" src=\"http:\/\/www.northernbrewers.se\/wp-content\/uploads\/2021\/03\/Gubbar-1024x953.jpg\" alt=\"\" width=\"335\" height=\"312\" srcset=\"https:\/\/www.northernbrewers.se\/wp-content\/uploads\/2021\/03\/Gubbar-1024x953.jpg 1024w, https:\/\/www.northernbrewers.se\/wp-content\/uploads\/2021\/03\/Gubbar-600x558.jpg 600w, https:\/\/www.northernbrewers.se\/wp-content\/uploads\/2021\/03\/Gubbar-300x279.jpg 300w, https:\/\/www.northernbrewers.se\/wp-content\/uploads\/2021\/03\/Gubbar-768x715.jpg 768w, https:\/\/www.northernbrewers.se\/wp-content\/uploads\/2021\/03\/Gubbar-1536x1429.jpg 1536w, https:\/\/www.northernbrewers.se\/wp-content\/uploads\/2021\/03\/Gubbar.jpg 2000w\" sizes=\"(max-width: 335px) 100vw, 335px\" \/><\/figure>\n\n\n<p>Northern Brewers 3.0. Vi har under de senaste 4 \u00e5ren g\u00e5tt fr\u00e5n hobby till Nano-bryggeri. H\u00f6sten 2020 tog vi steget upp till ett Micro-bryggeri med ett 1000 liters Zip bryggverk i botten.<br>\nVi har exprimenterat mycket de f\u00f6r att f\u00e5 till en Norrl\u00e4ndsk twist i v\u00e5ra smaker. F\u00f6r n\u00e4rvarande \u00e4r det kvanne, \u00e4lggr\u00e4s, bj\u00f6rksav och kr\u00e5kb\u00e4r som klarat n\u00e5ls\u00f6gat och tillf\u00f6r karakt\u00e4r till v\u00e5r \u00f6l.<\/p>\n<p>Vi vill dela med oss av norrl\u00e4ndska smaker i hantverksm\u00e4ssigt bryggd \u00f6l \u2013 brewed in the north.<\/p>\n<p><em><br>\nPer Gunnarsson, Duncan Kemp, Markus Falkner och Roland Nilsson<\/em><\/p>","protected":false},"excerpt":{"rendered":"<p>Northern Brewers 3.0. Vi har under de senaste 4 \u00e5ren g\u00e5tt fr\u00e5n hobby till Nano-bryggeri. H\u00f6sten 2020 tog vi steget upp till ett Micro-bryggeri med ett 1000 liters Zip bryggverk i botten. Vi har exprimenterat mycket de f\u00f6r att f\u00e5 till en Norrl\u00e4ndsk twist i v\u00e5ra smaker. F\u00f6r n\u00e4rvarande \u00e4r det kvanne, \u00e4lggr\u00e4s, bj\u00f6rksav och [&hellip;]<\/p>\n","protected":false},"author":1,"featured_media":0,"parent":0,"menu_order":0,"comment_status":"closed","ping_status":"closed","template":"","meta":{"footnotes":""},"class_list":["post-4","page","type-page","status-publish","hentry"],"_links":{"self":[{"href":"https:\/\/www.northernbrewers.se\/index.php\/wp-json\/wp\/v2\/pages\/4"}],"collection":[{"href":"https:\/\/www.northernbrewers.se\/index.php\/wp-json\/wp\/v2\/pages"}],"about":[{"href":"https:\/\/www.northernbrewers.se\/index.php\/wp-json\/wp\/v2\/types\/page"}],"author":[{"embeddable":true,"href":"https:\/\/www.northernbrewers.se\/index.php\/wp-json\/wp\/v2\/users\/1"}],"replies":[{"embeddable":true,"href":"https:\/\/www.northernbrewers.se\/index.php\/wp-json\/wp\/v2\/comments?post=4"}],"version-history":[{"count":13,"href":"https:\/\/www.northernbrewers.se\/index.php\/wp-json\/wp\/v2\/pages\/4\/revisions"}],"predecessor-version":[{"id":1287,"href":"https:\/\/www.northernbrewers.se\/index.php\/wp-json\/wp\/v2\/pages\/4\/revisions\/1287"}],"wp:attachment":[{"href":"https:\/\/www.northernbrewers.se\/index.php\/wp-json\/wp\/v2\/media?parent=4"}],"curies":[{"name":"wp","href":"https:\/\/api.w.org\/{rel}","templated":true}]}}