{"id":394,"date":"2019-03-04T08:31:16","date_gmt":"2019-03-04T07:31:16","guid":{"rendered":"http:\/\/www.northernbrewers.se\/?page_id=394"},"modified":"2024-10-16T15:18:35","modified_gmt":"2024-10-16T13:18:35","slug":"katol","status":"publish","type":"page","link":"https:\/\/www.northernbrewers.se\/index.php\/katol\/","title":{"rendered":"K\u00e5t\u00f6l"},"content":{"rendered":"<p>K\u00e5t\u00f6l \u00e4r modern \u00f6l bryggd med \u00e4kta norrl\u00e4ndsk k\u00e4rlek. K\u00e5t\u00f6l i burk finns i fyra varianter, Pale Ale, IPA, Bock Lager och Lager. Inf\u00f6r jul ut\u00f6kas sortimentet med en mustiga jul\u00f6l.<br>K\u00e5t\u00f6l finns p\u00e5 Facebook <a href=\"https:\/\/www.facebook.com\/katollappland\/\" target=\"_blank\" rel=\"noopener noreferrer\">@k\u00e5t\u00f6llappland<\/a> och har en webshop med fr\u00e4cka <a href=\"https:\/\/brewmerch.se\/collections\/katol\" target=\"_blank\" rel=\"noopener noreferrer\">K\u00e5t\u00f6lsprodukter <\/a>och en med <a href=\"https:\/\/brewmerch.se\/collections\/northern-brewers\" target=\"_blank\" rel=\"noopener noreferrer\">Northern Brewers-produkter.<\/a><\/p>\n<p><\/p>\n\n\n<div class=\"wp-block-columns is-layout-flex wp-container-core-columns-is-layout-1 wp-block-columns-is-layout-flex\">\n<div class=\"wp-block-column is-layout-flow wp-block-column-is-layout-flow\">\n<figure class=\"wp-block-image size-large\"><a href=\"https:\/\/brewmerch.se\/collections\/katol\" target=\"_blank\" rel=\"noopener\"><img loading=\"lazy\" decoding=\"async\" width=\"1030\" height=\"917\" src=\"http:\/\/www.northernbrewers.se\/wp-content\/uploads\/2024\/10\/Katolshop-1030x917.png\" alt=\"\" class=\"wp-image-1750\" srcset=\"https:\/\/www.northernbrewers.se\/wp-content\/uploads\/2024\/10\/Katolshop-1030x917.png 1030w, https:\/\/www.northernbrewers.se\/wp-content\/uploads\/2024\/10\/Katolshop-300x267.png 300w, https:\/\/www.northernbrewers.se\/wp-content\/uploads\/2024\/10\/Katolshop-768x684.png 768w, https:\/\/www.northernbrewers.se\/wp-content\/uploads\/2024\/10\/Katolshop-600x534.png 600w, https:\/\/www.northernbrewers.se\/wp-content\/uploads\/2024\/10\/Katolshop-1536x1368.png 1536w, https:\/\/www.northernbrewers.se\/wp-content\/uploads\/2024\/10\/Katolshop-2048x1824.png 2048w, https:\/\/www.northernbrewers.se\/wp-content\/uploads\/2024\/10\/Katolshop-1500x1336.png 1500w, https:\/\/www.northernbrewers.se\/wp-content\/uploads\/2024\/10\/Katolshop-705x628.png 705w\" sizes=\"(max-width: 1030px) 100vw, 1030px\" \/><\/a><figcaption>V\u00e5r shop med K\u00e5t\u00e4lsprodukter<\/figcaption><\/figure>\n<\/div>\n\n\n\n<div class=\"wp-block-column is-layout-flow wp-block-column-is-layout-flow\">\n<figure class=\"wp-block-image size-large\"><a href=\"\/\/brewmerch.se\/collections\/northern-brewers\" target=\"_blank\" rel=\"noopener\"><img loading=\"lazy\" decoding=\"async\" width=\"1030\" height=\"917\" src=\"http:\/\/www.northernbrewers.se\/wp-content\/uploads\/2024\/10\/NBshop-1030x917.png\" alt=\"\" class=\"wp-image-1748\" srcset=\"https:\/\/www.northernbrewers.se\/wp-content\/uploads\/2024\/10\/NBshop-1030x917.png 1030w, https:\/\/www.northernbrewers.se\/wp-content\/uploads\/2024\/10\/NBshop-300x267.png 300w, https:\/\/www.northernbrewers.se\/wp-content\/uploads\/2024\/10\/NBshop-768x684.png 768w, https:\/\/www.northernbrewers.se\/wp-content\/uploads\/2024\/10\/NBshop-600x534.png 600w, https:\/\/www.northernbrewers.se\/wp-content\/uploads\/2024\/10\/NBshop-1536x1368.png 1536w, https:\/\/www.northernbrewers.se\/wp-content\/uploads\/2024\/10\/NBshop-2048x1824.png 2048w, https:\/\/www.northernbrewers.se\/wp-content\/uploads\/2024\/10\/NBshop-1500x1336.png 1500w, https:\/\/www.northernbrewers.se\/wp-content\/uploads\/2024\/10\/NBshop-705x628.png 705w\" sizes=\"(max-width: 1030px) 100vw, 1030px\" \/><\/a><figcaption>Vi har ocks\u00e5 tr\u00f6jor med Northern Brewers<\/figcaption><\/figure>\n<\/div>\n\n\n\n<div class=\"wp-block-column is-layout-flow wp-block-column-is-layout-flow\">\n<figure class=\"wp-block-image size-large\"><a href=\"https:\/\/www.systembolaget.se\/sortiment\/?q=k%C3%A5t%C3%B6l\" target=\"_blank\" rel=\"noopener\"><img loading=\"lazy\" decoding=\"async\" width=\"1030\" height=\"917\" src=\"http:\/\/www.northernbrewers.se\/wp-content\/uploads\/2024\/10\/SB-1030x917.png\" alt=\"\" class=\"wp-image-1751\" srcset=\"https:\/\/www.northernbrewers.se\/wp-content\/uploads\/2024\/10\/SB-1030x917.png 1030w, https:\/\/www.northernbrewers.se\/wp-content\/uploads\/2024\/10\/SB-300x267.png 300w, https:\/\/www.northernbrewers.se\/wp-content\/uploads\/2024\/10\/SB-768x684.png 768w, https:\/\/www.northernbrewers.se\/wp-content\/uploads\/2024\/10\/SB-600x534.png 600w, https:\/\/www.northernbrewers.se\/wp-content\/uploads\/2024\/10\/SB-1536x1368.png 1536w, https:\/\/www.northernbrewers.se\/wp-content\/uploads\/2024\/10\/SB-2048x1824.png 2048w, https:\/\/www.northernbrewers.se\/wp-content\/uploads\/2024\/10\/SB-1500x1336.png 1500w, https:\/\/www.northernbrewers.se\/wp-content\/uploads\/2024\/10\/SB-705x628.png 705w\" sizes=\"(max-width: 1030px) 100vw, 1030px\" \/><\/a><figcaption>Till K\u00e5t\u00f6l p\u00e5 Systembolaget<\/figcaption><\/figure>\n<\/div>\n<\/div>\n\n\n\n<p><\/p>\n\n\n\n<p><\/p>\n","protected":false},"excerpt":{"rendered":"<p>K\u00e5t\u00f6l \u00e4r modern \u00f6l bryggd med \u00e4kta norrl\u00e4ndsk k\u00e4rlek. K\u00e5t\u00f6l i burk finns i fyra varianter, Pale Ale, IPA, Bock Lager och Lager. Inf\u00f6r jul ut\u00f6kas sortimentet med en mustiga jul\u00f6l.K\u00e5t\u00f6l finns p\u00e5 Facebook @k\u00e5t\u00f6llappland och har en webshop med fr\u00e4cka K\u00e5t\u00f6lsprodukter och en med Northern Brewers-produkter.<\/p>\n","protected":false},"author":1,"featured_media":0,"parent":0,"menu_order":0,"comment_status":"closed","ping_status":"closed","template":"","meta":{"footnotes":""},"class_list":["post-394","page","type-page","status-publish","hentry"],"_links":{"self":[{"href":"https:\/\/www.northernbrewers.se\/index.php\/wp-json\/wp\/v2\/pages\/394"}],"collection":[{"href":"https:\/\/www.northernbrewers.se\/index.php\/wp-json\/wp\/v2\/pages"}],"about":[{"href":"https:\/\/www.northernbrewers.se\/index.php\/wp-json\/wp\/v2\/types\/page"}],"author":[{"embeddable":true,"href":"https:\/\/www.northernbrewers.se\/index.php\/wp-json\/wp\/v2\/users\/1"}],"replies":[{"embeddable":true,"href":"https:\/\/www.northernbrewers.se\/index.php\/wp-json\/wp\/v2\/comments?post=394"}],"version-history":[{"count":15,"href":"https:\/\/www.northernbrewers.se\/index.php\/wp-json\/wp\/v2\/pages\/394\/revisions"}],"predecessor-version":[{"id":1759,"href":"https:\/\/www.northernbrewers.se\/index.php\/wp-json\/wp\/v2\/pages\/394\/revisions\/1759"}],"wp:attachment":[{"href":"https:\/\/www.northernbrewers.se\/index.php\/wp-json\/wp\/v2\/media?parent=394"}],"curies":[{"name":"wp","href":"https:\/\/api.w.org\/{rel}","templated":true}]}}