{"id":392,"date":"2019-03-04T08:29:41","date_gmt":"2019-03-04T07:29:41","guid":{"rendered":"http:\/\/www.northernbrewers.se\/?page_id=392"},"modified":"2024-10-16T15:48:39","modified_gmt":"2024-10-16T13:48:39","slug":"katol-ipa","status":"publish","type":"page","link":"https:\/\/www.northernbrewers.se\/index.php\/katol-ipa\/","title":{"rendered":"K\u00e5t\u00f6l IPA"},"content":{"rendered":"\n<div class=\"wp-block-image\"><figure class=\"alignleft size-large is-resized\"><img loading=\"lazy\" decoding=\"async\" src=\"http:\/\/www.northernbrewers.se\/wp-content\/uploads\/2024\/10\/KIPAsida1200_700-601x1030.png\" alt=\"\" class=\"wp-image-1694\" width=\"301\" height=\"515\" srcset=\"https:\/\/www.northernbrewers.se\/wp-content\/uploads\/2024\/10\/KIPAsida1200_700-601x1030.png 601w, https:\/\/www.northernbrewers.se\/wp-content\/uploads\/2024\/10\/KIPAsida1200_700-175x300.png 175w, https:\/\/www.northernbrewers.se\/wp-content\/uploads\/2024\/10\/KIPAsida1200_700-600x1029.png 600w, https:\/\/www.northernbrewers.se\/wp-content\/uploads\/2024\/10\/KIPAsida1200_700-411x705.png 411w, https:\/\/www.northernbrewers.se\/wp-content\/uploads\/2024\/10\/KIPAsida1200_700.png 700w\" sizes=\"(max-width: 301px) 100vw, 301px\" \/><\/figure><\/div>\n\n\n<p>K\u00e5t\u00f6l IPA \u00e4r en modern India Pale Ale som bryggs med \u00e4kta Norrl\u00e4ndsk k\u00e4rlek! Smak med tydlig beska och humlearomatisk smak och doft med inslag av kn\u00e4ckebr\u00f6d, aprikos, ljus sirap och pomerans. Nya tidens \u00f6l med inspiration fr\u00e5n Lappland.<\/p>\n<p><strong><em>Svensk stark\u00f6l<\/em><\/strong><br><em>6,0 % volym<\/em><\/p>\n<p><strong><em>Ingredienser<\/em><\/strong><br>Vatten, kornmalt och humle<br><em>&nbsp;<\/em><br><strong><em>F\u00f6rvaring<\/em><\/strong><br><em>B\u00f6r f\u00f6rvaras m\u00f6rkt och svalt.<\/em><br><strong><em>&nbsp;<\/em><\/strong><br><strong><em>Passar bra till<\/em><\/strong><br><em>r\u00e4tter av lamm- och n\u00f6tk\u00f6tt och som s\u00e4llskapsdryck.<\/em><\/p>\n<p><img loading=\"lazy\" decoding=\"async\" class=\"alignnone wp-image-472\" src=\"http:\/\/www.northernbrewers.se\/wp-content\/uploads\/2019\/03\/Ska\u0308rmavbild-2019-06-26-kl.-16.38.53.png\" alt=\"\" width=\"60\" height=\"38\"><br>Systembolaget artikel nr <a href=\"https:\/\/www.systembolaget.se\/produkt\/ol\/northern-brewers-3020315\/\" target=\"_blank\" rel=\"noopener\">30203&nbsp;\u203a\u203a<\/a><\/p>\n\n\n<p><\/p>\n","protected":false},"excerpt":{"rendered":"<p>K\u00e5t\u00f6l IPA \u00e4r en modern India Pale Ale som bryggs med \u00e4kta Norrl\u00e4ndsk k\u00e4rlek! Smak med tydlig beska och humlearomatisk smak och doft med inslag av kn\u00e4ckebr\u00f6d, aprikos, ljus sirap och pomerans. Nya tidens \u00f6l med inspiration fr\u00e5n Lappland. Svensk stark\u00f6l6,0 % volym IngredienserVatten, kornmalt och humle&nbsp;F\u00f6rvaringB\u00f6r f\u00f6rvaras m\u00f6rkt och svalt.&nbsp;Passar bra tillr\u00e4tter av lamm- [&hellip;]<\/p>\n","protected":false},"author":1,"featured_media":0,"parent":0,"menu_order":0,"comment_status":"closed","ping_status":"closed","template":"","meta":{"footnotes":""},"class_list":["post-392","page","type-page","status-publish","hentry"],"_links":{"self":[{"href":"https:\/\/www.northernbrewers.se\/index.php\/wp-json\/wp\/v2\/pages\/392"}],"collection":[{"href":"https:\/\/www.northernbrewers.se\/index.php\/wp-json\/wp\/v2\/pages"}],"about":[{"href":"https:\/\/www.northernbrewers.se\/index.php\/wp-json\/wp\/v2\/types\/page"}],"author":[{"embeddable":true,"href":"https:\/\/www.northernbrewers.se\/index.php\/wp-json\/wp\/v2\/users\/1"}],"replies":[{"embeddable":true,"href":"https:\/\/www.northernbrewers.se\/index.php\/wp-json\/wp\/v2\/comments?post=392"}],"version-history":[{"count":19,"href":"https:\/\/www.northernbrewers.se\/index.php\/wp-json\/wp\/v2\/pages\/392\/revisions"}],"predecessor-version":[{"id":1775,"href":"https:\/\/www.northernbrewers.se\/index.php\/wp-json\/wp\/v2\/pages\/392\/revisions\/1775"}],"wp:attachment":[{"href":"https:\/\/www.northernbrewers.se\/index.php\/wp-json\/wp\/v2\/media?parent=392"}],"curies":[{"name":"wp","href":"https:\/\/api.w.org\/{rel}","templated":true}]}}