{"id":372,"date":"2018-10-15T14:37:17","date_gmt":"2018-10-15T12:37:17","guid":{"rendered":"http:\/\/www.northernbrewers.se\/?page_id=372"},"modified":"2023-01-25T12:53:16","modified_gmt":"2023-01-25T11:53:16","slug":"148-storuman-lager","status":"publish","type":"page","link":"https:\/\/www.northernbrewers.se\/index.php\/148-storuman-lager\/","title":{"rendered":"Northern Lager"},"content":{"rendered":"<p><\/p>\n\n\n<\/p>\n<div class=\"wp-block-image\">\n<figure class=\"alignleft size-large is-resized\"><img loading=\"lazy\" decoding=\"async\" class=\"wp-image-1070\" src=\"http:\/\/www.northernbrewers.se\/wp-content\/uploads\/2022\/11\/Northetrn_Lager-402x1030.jpg\" alt=\"\" width=\"202\" height=\"518\" srcset=\"https:\/\/www.northernbrewers.se\/wp-content\/uploads\/2022\/11\/Northetrn_Lager-402x1030.jpg 402w, https:\/\/www.northernbrewers.se\/wp-content\/uploads\/2022\/11\/Northetrn_Lager-117x300.jpg 117w, https:\/\/www.northernbrewers.se\/wp-content\/uploads\/2022\/11\/Northetrn_Lager-768x1970.jpg 768w, https:\/\/www.northernbrewers.se\/wp-content\/uploads\/2022\/11\/Northetrn_Lager-600x1539.jpg 600w, https:\/\/www.northernbrewers.se\/wp-content\/uploads\/2022\/11\/Northetrn_Lager-599x1536.jpg 599w, https:\/\/www.northernbrewers.se\/wp-content\/uploads\/2022\/11\/Northetrn_Lager-585x1500.jpg 585w, https:\/\/www.northernbrewers.se\/wp-content\/uploads\/2022\/11\/Northetrn_Lager-275x705.jpg 275w, https:\/\/www.northernbrewers.se\/wp-content\/uploads\/2022\/11\/Northetrn_Lager.jpg 783w\" sizes=\"(max-width: 202px) 100vw, 202px\" \/><\/figure>\n<\/div>\n<p>\n\n\n<p>En traditionell och krispig ljus vardags\u00f6l som kombinerar en tydligt maltig och br\u00f6dig smak med fr\u00e4scha frukttoner. <br \/>Vi tills\u00e4tter kryddiga kvannefr\u00f6n som f\u00f6rst\u00e4rker smakupplevelsen.<\/p>\n<p><em><strong>Stark\u00f6l fr\u00e5n Lappland<\/strong><\/em><br \/>5,2 % volym, ofiltrerad, 33 cl.<\/p>\n<p><em><strong>Ingredienser<\/strong><\/em><br \/>Vatten fr\u00e5n Ume\u00e4lven,<strong> kornmalt<\/strong>, kvannefr\u00f6n, humle och j\u00e4st.<\/p>\n<p><em><strong>F\u00f6rvaring<\/strong><\/em><br \/>B\u00f6r f\u00f6rvaras st\u00e5ende m\u00f6rkt och svalt. T\u00e5l att lagras<\/p>\n<p><em><strong>Passar bra till<\/strong><\/em><br \/>Varma dagar, till grillat, fisk, l\u00e4tta matr\u00e4tter och som t\u00f6rstsl\u00e4ckare<\/p>\n<p><img loading=\"lazy\" decoding=\"async\" class=\"wp-image-472 alignleft\" src=\"http:\/\/www.northernbrewers.se\/wp-content\/uploads\/2019\/03\/Ska\u0308rmavbild-2019-06-26-kl.-16.38.53.png\" alt=\"\" width=\"60\" height=\"38\" \/>Systembolaget artikel nr <a href=\"https:\/\/www.systembolaget.se\/produkt\/ol\/northern-brewers-3808503\/\"><span class=\"css-1f2m4s6 enp2lf70\">38085<\/span><\/a><\/p>\n\n\n<p><\/p>\n","protected":false},"excerpt":{"rendered":"<p>En traditionell och krispig ljus vardags\u00f6l som kombinerar en tydligt maltig och br\u00f6dig smak med fr\u00e4scha frukttoner. Vi tills\u00e4tter kryddiga kvannefr\u00f6n som f\u00f6rst\u00e4rker smakupplevelsen. Stark\u00f6l fr\u00e5n Lappland5,2 % volym, ofiltrerad, 33 cl. IngredienserVatten fr\u00e5n Ume\u00e4lven, kornmalt, kvannefr\u00f6n, humle och j\u00e4st. F\u00f6rvaringB\u00f6r f\u00f6rvaras st\u00e5ende m\u00f6rkt och svalt. T\u00e5l att lagras Passar bra tillVarma dagar, till grillat, [&hellip;]<\/p>\n","protected":false},"author":1,"featured_media":0,"parent":0,"menu_order":0,"comment_status":"closed","ping_status":"closed","template":"","meta":{"footnotes":""},"class_list":["post-372","page","type-page","status-publish","hentry"],"_links":{"self":[{"href":"https:\/\/www.northernbrewers.se\/index.php\/wp-json\/wp\/v2\/pages\/372"}],"collection":[{"href":"https:\/\/www.northernbrewers.se\/index.php\/wp-json\/wp\/v2\/pages"}],"about":[{"href":"https:\/\/www.northernbrewers.se\/index.php\/wp-json\/wp\/v2\/types\/page"}],"author":[{"embeddable":true,"href":"https:\/\/www.northernbrewers.se\/index.php\/wp-json\/wp\/v2\/users\/1"}],"replies":[{"embeddable":true,"href":"https:\/\/www.northernbrewers.se\/index.php\/wp-json\/wp\/v2\/comments?post=372"}],"version-history":[{"count":8,"href":"https:\/\/www.northernbrewers.se\/index.php\/wp-json\/wp\/v2\/pages\/372\/revisions"}],"predecessor-version":[{"id":1340,"href":"https:\/\/www.northernbrewers.se\/index.php\/wp-json\/wp\/v2\/pages\/372\/revisions\/1340"}],"wp:attachment":[{"href":"https:\/\/www.northernbrewers.se\/index.php\/wp-json\/wp\/v2\/media?parent=372"}],"curies":[{"name":"wp","href":"https:\/\/api.w.org\/{rel}","templated":true}]}}