{"id":233,"date":"2018-01-25T15:01:59","date_gmt":"2018-01-25T14:01:59","guid":{"rendered":"http:\/\/www.northernbrewers.se\/?page_id=233"},"modified":"2023-01-24T11:40:29","modified_gmt":"2023-01-24T10:40:29","slug":"nyheter","status":"publish","type":"page","link":"https:\/\/www.northernbrewers.se\/index.php\/nyheter\/","title":{"rendered":"NYHETER"},"content":{"rendered":"<div class='flex_column av-7qol5-51f382206fe092b6b89463ee06149b2d av_one_full  avia-builder-el-0  el_before_av_blog  avia-builder-el-first  first flex_column_div '     ><\/div>\n<div  class='av-alb-blogposts template-blog  '  itemscope=\"itemscope\" itemtype=\"https:\/\/schema.org\/Blog\" ><article class=\"post-entry post-entry-type-standard post-entry-1917 post-loop-1 post-parity-odd single-big with-slider post-1917 post type-post status-publish format-standard has-post-thumbnail hentry category-nyheter category-okategoriserade\"  itemscope=\"itemscope\" itemtype=\"https:\/\/schema.org\/BlogPosting\" ><div class=\"blog-meta\"><\/div><div class='entry-content-wrapper clearfix standard-content'><header class=\"entry-content-header\"><div class=\"av-heading-wrapper\"><h2 class='post-title entry-title '  itemprop=\"headline\" ><a href=\"https:\/\/www.northernbrewers.se\/index.php\/2026\/04\/23\/1917\/\" rel=\"bookmark\" title=\"Permanent l\u00e4nk: V\u00e4lkommen till Ume\u00e5 Beer Festival\">V\u00e4lkommen till Ume\u00e5 Beer Festival<span class=\"post-format-icon minor-meta\"><\/span><\/a><\/h2><span class=\"blog-categories minor-meta\"><a href=\"https:\/\/www.northernbrewers.se\/index.php\/category\/nyheter\/\" rel=\"tag\">Nyheter<\/a>, <a href=\"https:\/\/www.northernbrewers.se\/index.php\/category\/okategoriserade\/\" rel=\"tag\">Okategoriserade<\/a><\/span><\/div><\/header><span class=\"av-vertical-delimiter\"><\/span><div class=\"big-preview single-big\"  itemprop=\"image\" itemscope=\"itemscope\" itemtype=\"https:\/\/schema.org\/ImageObject\" ><a href=\"https:\/\/www.northernbrewers.se\/index.php\/2026\/04\/23\/1917\/\"  title=\"UmeaBeer\" ><img loading=\"lazy\" decoding=\"async\" width=\"1210\" height=\"423\" src=\"https:\/\/www.northernbrewers.se\/wp-content\/uploads\/2026\/04\/UmeaBeer-1210x423.png\" class=\"wp-image-1918 avia-img-lazy-loading-1918 attachment-entry_without_sidebar size-entry_without_sidebar wp-post-image\" alt=\"\" \/><\/a><\/div><div class=\"entry-content\"  itemprop=\"text\" >\n<p>Vi ses v\u00e4l p\u00e5 <a href=\"https:\/\/www.facebook.com\/profile.php?id=100093298522572&amp;__cft__[0]=AZZjB4D8mTFMxE7vUMUEab5qF0TdDH1kG8Nr8doXsUl-LISYvvwwvKOQo1W2FndQJ-BLeqVVLtTtlFoW4Fcf1UAxgG0aQvdg3hu9Z_3Y1yL9g1Hgz9KH5NfybJJNtoc_TozOmLeNdkla2SsO_yNxJkHq&amp;__tn__=-]K-R\">Ume\u00e5 Beer Festival<\/a> den 8-9 maj p\u00e5 Ume\u00e5 Folkets hus. Markus och Per dyker upp med m\u00e5nga goda \u00f6l i kapps\u00e4cken. Det kommer att bli trevligt, som det har varit de tidigare \u00e5ren<\/p>\n\n\n\n<p>Mer information hittar du h\u00e4r: <a href=\"https:\/\/umeabeerfestival.se\/?fbclid=IwZXh0bgNhZW0CMTAAYnJpZBEwZ3gycDMybUNEOVhLZUxpYnNydGMGYXBwX2lkEDIyMjAzOTE3ODgyMDA4OTIAAR72sT_85yiyh9d1N498SCaPYLJ0WvUcc3Qob4mPH8TIFBdgOD3U_RbRSeyl7w_aem_PX3tZrNYfuxNnVezeHO8wg\" target=\"_blank\" rel=\"noreferrer noopener\">https:\/\/umeabeerfestival.se\/<\/a><\/p>\n\n\n\n<p><\/p>\n<\/div><span class=\"post-meta-infos\"><time class=\"date-container minor-meta updated\"  itemprop=\"datePublished\" datetime=\"2026-04-23T20:21:00+02:00\" >23 april, 2026<\/time><span class=\"text-sep\">\/<\/span><span class=\"blog-author minor-meta\">av <span class=\"entry-author-link\"  itemprop=\"author\" ><span class=\"author\"><span class=\"fn\"><a href=\"https:\/\/www.northernbrewers.se\/index.php\/author\/brewerone\/\" title=\"Inl\u00e4gg av Brewerone\" rel=\"author\">Brewerone<\/a><\/span><\/span><\/span><\/span><\/span><footer class=\"entry-footer\"><\/footer><div class='post_delimiter'><\/div><\/div><div class=\"post_author_timeline\"><\/div><span class='hidden'>\n\t\t\t\t<span class='av-structured-data'  itemprop=\"image\" itemscope=\"itemscope\" itemtype=\"https:\/\/schema.org\/ImageObject\" >\n\t\t\t\t\t\t<span itemprop='url'>https:\/\/www.northernbrewers.se\/wp-content\/uploads\/2026\/04\/UmeaBeer.png<\/span>\n\t\t\t\t\t\t<span itemprop='height'>1590<\/span>\n\t\t\t\t\t\t<span itemprop='width'>1920<\/span>\n\t\t\t\t<\/span>\n\t\t\t\t<span class='av-structured-data'  itemprop=\"publisher\" itemtype=\"https:\/\/schema.org\/Organization\" itemscope=\"itemscope\" >\n\t\t\t\t\t\t<span itemprop='name'>Brewerone<\/span>\n\t\t\t\t\t\t<span itemprop='logo' itemscope itemtype='https:\/\/schema.org\/ImageObject'>\n\t\t\t\t\t\t\t<span itemprop='url'>http:\/\/www.northernbrewers.se\/wp-content\/uploads\/2017\/11\/Logga_nyhetsbrev.jpg<\/span>\n\t\t\t\t\t\t <\/span>\n\t\t\t\t<\/span><span class='av-structured-data'  itemprop=\"author\" itemscope=\"itemscope\" itemtype=\"https:\/\/schema.org\/Person\" ><span itemprop='name'>Brewerone<\/span><\/span><span class='av-structured-data'  itemprop=\"datePublished\" datetime=\"2026-04-23T20:21:00+02:00\" >2026-04-23 20:21:00<\/span><span class='av-structured-data'  itemprop=\"dateModified\" itemtype=\"https:\/\/schema.org\/dateModified\" >2026-04-23 20:23:34<\/span><span class='av-structured-data'  itemprop=\"mainEntityOfPage\" itemtype=\"https:\/\/schema.org\/mainEntityOfPage\" ><span itemprop='name'>V\u00e4lkommen till Ume\u00e5 Beer Festival<\/span><\/span><\/span><\/article><article class=\"post-entry post-entry-type-standard post-entry-1880 post-loop-2 post-parity-even single-big with-slider post-1880 post type-post status-publish format-standard has-post-thumbnail hentry category-nyheter category-okategoriserade\"  itemscope=\"itemscope\" itemtype=\"https:\/\/schema.org\/BlogPosting\" ><div class=\"blog-meta\"><\/div><div class='entry-content-wrapper clearfix standard-content'><header class=\"entry-content-header\"><div class=\"av-heading-wrapper\"><h2 class='post-title entry-title '  itemprop=\"headline\" ><a href=\"https:\/\/www.northernbrewers.se\/index.php\/2025\/09\/25\/valkommen-till-nolia-beer-taste\/\" rel=\"bookmark\" title=\"Permanent l\u00e4nk: V\u00e4lkommen till Nolia Beer &amp; Taste\">V\u00e4lkommen till Nolia Beer &amp; Taste<span class=\"post-format-icon minor-meta\"><\/span><\/a><\/h2><span class=\"blog-categories minor-meta\"><a href=\"https:\/\/www.northernbrewers.se\/index.php\/category\/nyheter\/\" rel=\"tag\">Nyheter<\/a>, <a href=\"https:\/\/www.northernbrewers.se\/index.php\/category\/okategoriserade\/\" rel=\"tag\">Okategoriserade<\/a><\/span><\/div><\/header><span class=\"av-vertical-delimiter\"><\/span><div class=\"big-preview single-big\"  itemprop=\"image\" itemscope=\"itemscope\" itemtype=\"https:\/\/schema.org\/ImageObject\" ><a href=\"https:\/\/www.northernbrewers.se\/index.php\/2025\/09\/25\/valkommen-till-nolia-beer-taste\/\"  title=\"Screenshot\" ><img loading=\"lazy\" decoding=\"async\" width=\"1134\" height=\"423\" src=\"https:\/\/www.northernbrewers.se\/wp-content\/uploads\/2025\/09\/Nolia-Beer-2-1134x423.jpg\" class=\"wp-image-1879 avia-img-lazy-loading-1879 attachment-entry_without_sidebar size-entry_without_sidebar wp-post-image\" alt=\"\" \/><\/a><\/div><div class=\"entry-content\"  itemprop=\"text\" >\n<p>Den 24-25 oktober \u00e5ker vi till Ume\u00e5 f\u00f6r att vara med p\u00e5 en av \u00e5rets h\u00f6jdpunkter, Beer &amp; Taste. Vi har med oss b\u00e5de nyheter och gamla godingar. P\u00e5 fredag kv\u00e4ll den 24\/10, har vi en provning som ni ocks\u00e5 \u00e4r hj\u00e4rtligt v\u00e4lkommen till.<\/p>\n\n\n\n<p><a href=\"https:\/\/secure.tickster.com\/sv\/wxuz0haydk3nmcj\/products\" target=\"_blank\" rel=\"noreferrer noopener\">L\u00e4s mer och boka biljett h\u00e4r \u203a\u203a<\/a><\/p>\n\n\n\n<p><a href=\"https:\/\/beerandtaste.se\/provningar-umea\/\" target=\"_blank\" rel=\"noreferrer noopener\">Boka din plats p\u00e5 provningen h\u00e4r \u203a\u203a<\/a><\/p>\n\n\n\n<p><\/p>\n<\/div><span class=\"post-meta-infos\"><time class=\"date-container minor-meta updated\"  itemprop=\"datePublished\" datetime=\"2025-09-25T20:18:22+02:00\" >25 september, 2025<\/time><span class=\"text-sep\">\/<\/span><span class=\"blog-author minor-meta\">av <span class=\"entry-author-link\"  itemprop=\"author\" ><span class=\"author\"><span class=\"fn\"><a href=\"https:\/\/www.northernbrewers.se\/index.php\/author\/brewerone\/\" title=\"Inl\u00e4gg av Brewerone\" rel=\"author\">Brewerone<\/a><\/span><\/span><\/span><\/span><\/span><footer class=\"entry-footer\"><\/footer><div class='post_delimiter'><\/div><\/div><div class=\"post_author_timeline\"><\/div><span class='hidden'>\n\t\t\t\t<span class='av-structured-data'  itemprop=\"image\" itemscope=\"itemscope\" itemtype=\"https:\/\/schema.org\/ImageObject\" >\n\t\t\t\t\t\t<span itemprop='url'>https:\/\/www.northernbrewers.se\/wp-content\/uploads\/2025\/09\/Nolia-Beer-2.jpg<\/span>\n\t\t\t\t\t\t<span itemprop='height'>845<\/span>\n\t\t\t\t\t\t<span itemprop='width'>1134<\/span>\n\t\t\t\t<\/span>\n\t\t\t\t<span class='av-structured-data'  itemprop=\"publisher\" itemtype=\"https:\/\/schema.org\/Organization\" itemscope=\"itemscope\" >\n\t\t\t\t\t\t<span itemprop='name'>Brewerone<\/span>\n\t\t\t\t\t\t<span itemprop='logo' itemscope itemtype='https:\/\/schema.org\/ImageObject'>\n\t\t\t\t\t\t\t<span itemprop='url'>http:\/\/www.northernbrewers.se\/wp-content\/uploads\/2017\/11\/Logga_nyhetsbrev.jpg<\/span>\n\t\t\t\t\t\t <\/span>\n\t\t\t\t<\/span><span class='av-structured-data'  itemprop=\"author\" itemscope=\"itemscope\" itemtype=\"https:\/\/schema.org\/Person\" ><span itemprop='name'>Brewerone<\/span><\/span><span class='av-structured-data'  itemprop=\"datePublished\" datetime=\"2025-09-25T20:18:22+02:00\" >2025-09-25 20:18:22<\/span><span class='av-structured-data'  itemprop=\"dateModified\" itemtype=\"https:\/\/schema.org\/dateModified\" >2025-09-25 20:19:31<\/span><span class='av-structured-data'  itemprop=\"mainEntityOfPage\" itemtype=\"https:\/\/schema.org\/mainEntityOfPage\" ><span itemprop='name'>V\u00e4lkommen till Nolia Beer &amp; Taste<\/span><\/span><\/span><\/article><article class=\"post-entry post-entry-type-standard post-entry-1855 post-loop-3 post-parity-odd post-entry-last single-big with-slider post-1855 post type-post status-publish format-standard has-post-thumbnail hentry category-nyheter category-okategoriserade\"  itemscope=\"itemscope\" itemtype=\"https:\/\/schema.org\/BlogPosting\" ><div class=\"blog-meta\"><\/div><div class='entry-content-wrapper clearfix standard-content'><header class=\"entry-content-header\"><div class=\"av-heading-wrapper\"><h2 class='post-title entry-title '  itemprop=\"headline\" ><a href=\"https:\/\/www.northernbrewers.se\/index.php\/2025\/05\/06\/olfestival-i-umea-9-10-maj\/\" rel=\"bookmark\" title=\"Permanent l\u00e4nk: \u00d6lfestival i Ume\u00e5 9-10 maj\">\u00d6lfestival i Ume\u00e5 9-10 maj<span class=\"post-format-icon minor-meta\"><\/span><\/a><\/h2><span class=\"blog-categories minor-meta\"><a href=\"https:\/\/www.northernbrewers.se\/index.php\/category\/nyheter\/\" rel=\"tag\">Nyheter<\/a>, <a href=\"https:\/\/www.northernbrewers.se\/index.php\/category\/okategoriserade\/\" rel=\"tag\">Okategoriserade<\/a><\/span><\/div><\/header><span class=\"av-vertical-delimiter\"><\/span><div class=\"big-preview single-big\"  itemprop=\"image\" itemscope=\"itemscope\" itemtype=\"https:\/\/schema.org\/ImageObject\" ><a href=\"https:\/\/www.northernbrewers.se\/index.php\/2025\/05\/06\/olfestival-i-umea-9-10-maj\/\"  title=\"Umeafestival\" ><img loading=\"lazy\" decoding=\"async\" width=\"1210\" height=\"423\" src=\"https:\/\/www.northernbrewers.se\/wp-content\/uploads\/2025\/05\/Umeafestival-1210x423.jpg\" class=\"wp-image-1856 avia-img-lazy-loading-1856 attachment-entry_without_sidebar size-entry_without_sidebar wp-post-image\" alt=\"\" \/><\/a><\/div><div class=\"entry-content\"  itemprop=\"text\" ><p>Ume\u00e5 Beer Festival \u00e4ger rum den 9:e och 10:e maj i Ume\u00e5 Folkets Hus. Per och Markus \u00e4r p\u00e5 plats med ett g\u00e4ng av v\u00e5ra \u00f6l.<br \/>Det var en trevlig festival i fjol och det blir s\u00e4kert lika trevligt i \u00e5r.\u00a0<br \/>\u2013 V\u00e4lkommen att smaka och snacka \u00f6l!<br \/><br \/><a href=\"https:\/\/umeabeerfestival.se\/\" target=\"_blank\" rel=\"noopener\">L\u00e4s mer och boka biljett \u203a\u203a<\/a><\/p>\n\n\n<p><\/p>\n<\/div><span class=\"post-meta-infos\"><time class=\"date-container minor-meta updated\"  itemprop=\"datePublished\" datetime=\"2025-05-06T11:13:03+02:00\" >6 maj, 2025<\/time><span class=\"text-sep\">\/<\/span><span class=\"blog-author minor-meta\">av <span class=\"entry-author-link\"  itemprop=\"author\" ><span class=\"author\"><span class=\"fn\"><a href=\"https:\/\/www.northernbrewers.se\/index.php\/author\/brewerone\/\" title=\"Inl\u00e4gg av Brewerone\" rel=\"author\">Brewerone<\/a><\/span><\/span><\/span><\/span><\/span><footer class=\"entry-footer\"><\/footer><div class='post_delimiter'><\/div><\/div><div class=\"post_author_timeline\"><\/div><span class='hidden'>\n\t\t\t\t<span class='av-structured-data'  itemprop=\"image\" itemscope=\"itemscope\" itemtype=\"https:\/\/schema.org\/ImageObject\" >\n\t\t\t\t\t\t<span itemprop='url'>https:\/\/www.northernbrewers.se\/wp-content\/uploads\/2025\/05\/Umeafestival.jpg<\/span>\n\t\t\t\t\t\t<span itemprop='height'>1500<\/span>\n\t\t\t\t\t\t<span itemprop='width'>1500<\/span>\n\t\t\t\t<\/span>\n\t\t\t\t<span class='av-structured-data'  itemprop=\"publisher\" itemtype=\"https:\/\/schema.org\/Organization\" itemscope=\"itemscope\" >\n\t\t\t\t\t\t<span itemprop='name'>Brewerone<\/span>\n\t\t\t\t\t\t<span itemprop='logo' itemscope itemtype='https:\/\/schema.org\/ImageObject'>\n\t\t\t\t\t\t\t<span itemprop='url'>http:\/\/www.northernbrewers.se\/wp-content\/uploads\/2017\/11\/Logga_nyhetsbrev.jpg<\/span>\n\t\t\t\t\t\t <\/span>\n\t\t\t\t<\/span><span class='av-structured-data'  itemprop=\"author\" itemscope=\"itemscope\" itemtype=\"https:\/\/schema.org\/Person\" ><span itemprop='name'>Brewerone<\/span><\/span><span class='av-structured-data'  itemprop=\"datePublished\" datetime=\"2025-05-06T11:13:03+02:00\" >2025-05-06 11:13:03<\/span><span class='av-structured-data'  itemprop=\"dateModified\" itemtype=\"https:\/\/schema.org\/dateModified\" >2025-05-06 11:18:47<\/span><span class='av-structured-data'  itemprop=\"mainEntityOfPage\" itemtype=\"https:\/\/schema.org\/mainEntityOfPage\" ><span itemprop='name'>\u00d6lfestival i Ume\u00e5 9-10 maj<\/span><\/span><\/span><\/article><div class='single-big'><nav class='pagination'><span class='pagination-meta'>Sida 1 av 4<\/span><span class='current'>1<\/span><a href='https:\/\/www.northernbrewers.se\/index.php\/wp-json\/wp\/v2\/pages\/233\/page\/2\/' class='inactive next_page' >2<\/a><a href='https:\/\/www.northernbrewers.se\/index.php\/wp-json\/wp\/v2\/pages\/233\/page\/3\/' class='inactive' >3<\/a><a href='https:\/\/www.northernbrewers.se\/index.php\/wp-json\/wp\/v2\/pages\/233\/page\/4\/' class='inactive' >4<\/a><\/nav>\n<\/div><\/div>\n","protected":false},"excerpt":{"rendered":"","protected":false},"author":1,"featured_media":0,"parent":0,"menu_order":0,"comment_status":"closed","ping_status":"closed","template":"","meta":{"footnotes":""},"class_list":["post-233","page","type-page","status-publish","hentry"],"_links":{"self":[{"href":"https:\/\/www.northernbrewers.se\/index.php\/wp-json\/wp\/v2\/pages\/233"}],"collection":[{"href":"https:\/\/www.northernbrewers.se\/index.php\/wp-json\/wp\/v2\/pages"}],"about":[{"href":"https:\/\/www.northernbrewers.se\/index.php\/wp-json\/wp\/v2\/types\/page"}],"author":[{"embeddable":true,"href":"https:\/\/www.northernbrewers.se\/index.php\/wp-json\/wp\/v2\/users\/1"}],"replies":[{"embeddable":true,"href":"https:\/\/www.northernbrewers.se\/index.php\/wp-json\/wp\/v2\/comments?post=233"}],"version-history":[{"count":72,"href":"https:\/\/www.northernbrewers.se\/index.php\/wp-json\/wp\/v2\/pages\/233\/revisions"}],"predecessor-version":[{"id":1276,"href":"https:\/\/www.northernbrewers.se\/index.php\/wp-json\/wp\/v2\/pages\/233\/revisions\/1276"}],"wp:attachment":[{"href":"https:\/\/www.northernbrewers.se\/index.php\/wp-json\/wp\/v2\/media?parent=233"}],"curies":[{"name":"wp","href":"https:\/\/api.w.org\/{rel}","templated":true}]}}