{"id":1906,"date":"2025-10-20T16:37:52","date_gmt":"2025-10-20T14:37:52","guid":{"rendered":"https:\/\/www.northernbrewers.se\/?page_id=1906"},"modified":"2025-10-24T09:50:41","modified_gmt":"2025-10-24T07:50:41","slug":"vad-ska-olen-heta","status":"publish","type":"page","link":"https:\/\/www.northernbrewers.se\/index.php\/vad-ska-olen-heta\/","title":{"rendered":"Vad ska \u00f6len heta?"},"content":{"rendered":"\n<p>Skriv in ditt f\u00f6rslag till namnet p\u00e5 v\u00e5r sommar\u00f6l med hallon. Vinner du f\u00e5r du ett hedersomn\u00e4mnande p\u00e5 burken.<\/p>\n\n\n\n<p>V\u00e4lj storlek p\u00e5 T-shirt om du ocks\u00e5 vill vara med i utlottnigen av K\u00e5t\u00f6lstr\u00f6jor <\/p>\n\n\n\n<p><\/p>\n","protected":false},"excerpt":{"rendered":"<p>Skriv in ditt f\u00f6rslag till namnet p\u00e5 v\u00e5r sommar\u00f6l med hallon. Vinner du f\u00e5r du ett hedersomn\u00e4mnande p\u00e5 burken. V\u00e4lj storlek p\u00e5 T-shirt om du ocks\u00e5 vill vara med i utlottnigen av K\u00e5t\u00f6lstr\u00f6jor<\/p>\n","protected":false},"author":1,"featured_media":0,"parent":0,"menu_order":0,"comment_status":"closed","ping_status":"closed","template":"","meta":{"footnotes":""},"class_list":["post-1906","page","type-page","status-publish","hentry"],"_links":{"self":[{"href":"https:\/\/www.northernbrewers.se\/index.php\/wp-json\/wp\/v2\/pages\/1906"}],"collection":[{"href":"https:\/\/www.northernbrewers.se\/index.php\/wp-json\/wp\/v2\/pages"}],"about":[{"href":"https:\/\/www.northernbrewers.se\/index.php\/wp-json\/wp\/v2\/types\/page"}],"author":[{"embeddable":true,"href":"https:\/\/www.northernbrewers.se\/index.php\/wp-json\/wp\/v2\/users\/1"}],"replies":[{"embeddable":true,"href":"https:\/\/www.northernbrewers.se\/index.php\/wp-json\/wp\/v2\/comments?post=1906"}],"version-history":[{"count":4,"href":"https:\/\/www.northernbrewers.se\/index.php\/wp-json\/wp\/v2\/pages\/1906\/revisions"}],"predecessor-version":[{"id":1911,"href":"https:\/\/www.northernbrewers.se\/index.php\/wp-json\/wp\/v2\/pages\/1906\/revisions\/1911"}],"wp:attachment":[{"href":"https:\/\/www.northernbrewers.se\/index.php\/wp-json\/wp\/v2\/media?parent=1906"}],"curies":[{"name":"wp","href":"https:\/\/api.w.org\/{rel}","templated":true}]}}