{"id":188,"date":"2017-11-10T14:11:28","date_gmt":"2017-11-10T13:11:28","guid":{"rendered":"http:\/\/www.northernbrewers.se\/?page_id=188"},"modified":"2023-01-24T16:26:03","modified_gmt":"2023-01-24T15:26:03","slug":"188-2","status":"publish","type":"page","link":"https:\/\/www.northernbrewers.se\/index.php\/188-2\/","title":{"rendered":"Till ditt Systembolag?"},"content":{"rendered":"<p>Vill du f\u00e5 v\u00e5ra \u00f6l till ditt Systembolag s\u00e5 kan vi leverera via privatimport \u2013 jo, det funkar \u00e4ven inom Sverige. Till Ume\u00e5 kan vi leverera fraktfritt. Till andra delar av Sverige s\u00e5 kostar det en slant i frakt. Och en l\u00e5da, <strong>24 flaskor av samma sort<\/strong> \u00e4r det minsta vi levererar per best\u00e4llning. S\u00e5 h\u00e4r g\u00e5r det till:<\/p>\n<ol>\n<li>Registrera en f\u00f6rfr\u00e5gan om privatimport p\u00e5 systembolaget.se<\/li>\n<li>Inv\u00e4nta ett bekr\u00e4ftelsemejl med ditt nummer p\u00e5 f\u00f6rfr\u00e5gan<\/li>\n<li>Inv\u00e4nta offert per mejl<\/li>\n<li>Meddela Systembolaget om du accepterar eller avb\u00f6jer offerten<\/li>\n<li>Om du accepterar offerten skickar Systembolaget en bekr\u00e4ftelse till dig<\/li>\n<li>G\u00e5 till din Systembutik och delbetala 30 % av k\u00f6pesumman<\/li>\n<li>Butiken kontaktar dig n\u00e4r varorna har kommit<\/li>\n<\/ol>\n<p><a href=\"https:\/\/www.systembolaget.se\/bestalla-drycker\/privatimport\/\" target=\"_blank\" rel=\"noopener noreferrer\">Till Systembolagets sida om privatimport \u203a\u203a<\/a><\/p>\n","protected":false},"excerpt":{"rendered":"<p>Vill du f\u00e5 v\u00e5ra \u00f6l till ditt Systembolag s\u00e5 kan vi leverera via privatimport \u2013 jo, det funkar \u00e4ven inom Sverige. Till Ume\u00e5 kan vi leverera fraktfritt. Till andra delar av Sverige s\u00e5 kostar det en slant i frakt. Och en l\u00e5da, 24 flaskor av samma sort \u00e4r det minsta vi levererar per best\u00e4llning. S\u00e5 [&hellip;]<\/p>\n","protected":false},"author":1,"featured_media":0,"parent":0,"menu_order":0,"comment_status":"closed","ping_status":"closed","template":"","meta":{"footnotes":""},"class_list":["post-188","page","type-page","status-publish","hentry"],"_links":{"self":[{"href":"https:\/\/www.northernbrewers.se\/index.php\/wp-json\/wp\/v2\/pages\/188"}],"collection":[{"href":"https:\/\/www.northernbrewers.se\/index.php\/wp-json\/wp\/v2\/pages"}],"about":[{"href":"https:\/\/www.northernbrewers.se\/index.php\/wp-json\/wp\/v2\/types\/page"}],"author":[{"embeddable":true,"href":"https:\/\/www.northernbrewers.se\/index.php\/wp-json\/wp\/v2\/users\/1"}],"replies":[{"embeddable":true,"href":"https:\/\/www.northernbrewers.se\/index.php\/wp-json\/wp\/v2\/comments?post=188"}],"version-history":[{"count":4,"href":"https:\/\/www.northernbrewers.se\/index.php\/wp-json\/wp\/v2\/pages\/188\/revisions"}],"predecessor-version":[{"id":488,"href":"https:\/\/www.northernbrewers.se\/index.php\/wp-json\/wp\/v2\/pages\/188\/revisions\/488"}],"wp:attachment":[{"href":"https:\/\/www.northernbrewers.se\/index.php\/wp-json\/wp\/v2\/media?parent=188"}],"curies":[{"name":"wp","href":"https:\/\/api.w.org\/{rel}","templated":true}]}}