{"id":1810,"date":"2024-10-27T18:45:02","date_gmt":"2024-10-27T17:45:02","guid":{"rendered":"https:\/\/www.northernbrewers.se\/?page_id=1810"},"modified":"2025-01-27T08:37:02","modified_gmt":"2025-01-27T07:37:02","slug":"bjorksav-burk","status":"publish","type":"page","link":"https:\/\/www.northernbrewers.se\/index.php\/bjorksav-burk\/","title":{"rendered":"Bj\u00f6rksav"},"content":{"rendered":"\n<figure class=\"wp-block-image alignleft size-large is-resized\"><img loading=\"lazy\" decoding=\"async\" width=\"636\" height=\"1030\" src=\"https:\/\/www.northernbrewers.se\/wp-content\/uploads\/2025\/01\/Bjorkburk-636x1030.png\" alt=\"\" class=\"wp-image-1820\" style=\"width:auto;height:515px\" srcset=\"https:\/\/www.northernbrewers.se\/wp-content\/uploads\/2025\/01\/Bjorkburk-636x1030.png 636w, https:\/\/www.northernbrewers.se\/wp-content\/uploads\/2025\/01\/Bjorkburk-185x300.png 185w, https:\/\/www.northernbrewers.se\/wp-content\/uploads\/2025\/01\/Bjorkburk-768x1245.png 768w, https:\/\/www.northernbrewers.se\/wp-content\/uploads\/2025\/01\/Bjorkburk-948x1536.png 948w, https:\/\/www.northernbrewers.se\/wp-content\/uploads\/2025\/01\/Bjorkburk-926x1500.png 926w, https:\/\/www.northernbrewers.se\/wp-content\/uploads\/2025\/01\/Bjorkburk-435x705.png 435w, https:\/\/www.northernbrewers.se\/wp-content\/uploads\/2025\/01\/Bjorkburk.png 1234w\" sizes=\"(max-width: 636px) 100vw, 636px\" \/><\/figure>\n\n\n\n<p>En frisk lager som till stor del \u00e4r bryggd p\u00e5 bj\u00f6rksav fr\u00e5n Lappland.<\/p>\n\n\n\n<p><em><strong>Stark\u00f6l fr\u00e5n Lappland<\/strong><\/em><br>4,8 % volym, ofiltrerad<\/p>\n\n\n\n<p><em><strong>Ingredienser<\/strong><\/em><br>Vatten fr\u00e5n Ume\u00e4lven, bj\u00f6rksav, kornmalt, humle och j\u00e4st.<\/p>\n\n\n\n<p><em><strong>F\u00f6rvaring<\/strong><\/em><br>B\u00f6r f\u00f6rvaras st\u00e5ende m\u00f6rkt och svalt. T\u00e5l att lagras.<\/p>\n\n\n\n<p><em><strong>Passar bra till<\/strong><\/em><br><em>L\u00e4tta r\u00e4tter, snacks,<\/em> <em>som s\u00e4llskapsdryck<\/em> <em>och t\u00f6rstsl\u00e4ckare.<\/em><\/p>\n\n\n\n<p><\/p>\n\n\n\n<p><\/p>\n\n\n\n<figure class=\"wp-block-image\"><img decoding=\"async\" src=\"http:\/\/www.northernbrewers.se\/wp-content\/uploads\/2019\/03\/Ska%CC%88rmavbild-2019-06-26-kl.-16.38.53.png\" alt=\"\" class=\"wp-image-472\"\/><\/figure>\n\n\n\n<p>Systembolaget artikel nr\u00a0<a href=\"https:\/\/www.systembolaget.se\/produkt\/ol\/norrlandsbryggarna-3073915\/\" target=\"_blank\" rel=\"noreferrer noopener\">30739\u203a\u203a<\/a><\/p>\n\n\n\n<p><\/p>\n","protected":false},"excerpt":{"rendered":"<p>En frisk lager som till stor del \u00e4r bryggd p\u00e5 bj\u00f6rksav fr\u00e5n Lappland. Stark\u00f6l fr\u00e5n Lappland4,8 % volym, ofiltrerad IngredienserVatten fr\u00e5n Ume\u00e4lven, bj\u00f6rksav, kornmalt, humle och j\u00e4st. F\u00f6rvaringB\u00f6r f\u00f6rvaras st\u00e5ende m\u00f6rkt och svalt. T\u00e5l att lagras. Passar bra tillL\u00e4tta r\u00e4tter, snacks, som s\u00e4llskapsdryck och t\u00f6rstsl\u00e4ckare. Systembolaget artikel nr\u00a030739\u203a\u203a<\/p>\n","protected":false},"author":1,"featured_media":0,"parent":0,"menu_order":0,"comment_status":"closed","ping_status":"closed","template":"","meta":{"footnotes":""},"class_list":["post-1810","page","type-page","status-publish","hentry"],"_links":{"self":[{"href":"https:\/\/www.northernbrewers.se\/index.php\/wp-json\/wp\/v2\/pages\/1810"}],"collection":[{"href":"https:\/\/www.northernbrewers.se\/index.php\/wp-json\/wp\/v2\/pages"}],"about":[{"href":"https:\/\/www.northernbrewers.se\/index.php\/wp-json\/wp\/v2\/types\/page"}],"author":[{"embeddable":true,"href":"https:\/\/www.northernbrewers.se\/index.php\/wp-json\/wp\/v2\/users\/1"}],"replies":[{"embeddable":true,"href":"https:\/\/www.northernbrewers.se\/index.php\/wp-json\/wp\/v2\/comments?post=1810"}],"version-history":[{"count":6,"href":"https:\/\/www.northernbrewers.se\/index.php\/wp-json\/wp\/v2\/pages\/1810\/revisions"}],"predecessor-version":[{"id":1824,"href":"https:\/\/www.northernbrewers.se\/index.php\/wp-json\/wp\/v2\/pages\/1810\/revisions\/1824"}],"wp:attachment":[{"href":"https:\/\/www.northernbrewers.se\/index.php\/wp-json\/wp\/v2\/media?parent=1810"}],"curies":[{"name":"wp","href":"https:\/\/api.w.org\/{rel}","templated":true}]}}