{"id":1784,"date":"2024-10-16T18:15:05","date_gmt":"2024-10-16T16:15:05","guid":{"rendered":"https:\/\/www.northernbrewers.se\/?page_id=1784"},"modified":"2024-10-16T18:37:13","modified_gmt":"2024-10-16T16:37:13","slug":"norrlands-brus","status":"publish","type":"page","link":"https:\/\/www.northernbrewers.se\/index.php\/norrlands-brus\/","title":{"rendered":"Norrlands Brus"},"content":{"rendered":"\n<figure class=\"wp-block-image alignleft size-medium is-resized\"><img loading=\"lazy\" decoding=\"async\" width=\"175\" height=\"300\" src=\"https:\/\/www.northernbrewers.se\/wp-content\/uploads\/2024\/10\/Brussida_1200_700-175x300.png\" alt=\"\" class=\"wp-image-1787\" style=\"width:266px;height:auto\" srcset=\"https:\/\/www.northernbrewers.se\/wp-content\/uploads\/2024\/10\/Brussida_1200_700-175x300.png 175w, https:\/\/www.northernbrewers.se\/wp-content\/uploads\/2024\/10\/Brussida_1200_700-601x1030.png 601w, https:\/\/www.northernbrewers.se\/wp-content\/uploads\/2024\/10\/Brussida_1200_700-600x1029.png 600w, https:\/\/www.northernbrewers.se\/wp-content\/uploads\/2024\/10\/Brussida_1200_700-411x705.png 411w, https:\/\/www.northernbrewers.se\/wp-content\/uploads\/2024\/10\/Brussida_1200_700.png 700w\" sizes=\"(max-width: 175px) 100vw, 175px\" \/><\/figure>\n\n\n\n<p>Brus\/l\u00e4skeblask med b\u00e4r och frukt fr\u00e5n Lappland.<\/p>\n\n\n\n<p>Finns tv\u00e5 sorter, Orange med hjortron och Black med svarta vinb\u00e4r<\/p>\n\n\n\n<p><em><strong>Oalkoholisk brus fr\u00e5n Lappland<\/strong><\/em><br>0 % volym, ofiltrerad<\/p>\n\n\n\n<p><em><strong>Ingredienser<\/strong><\/em><br>Vatten fr\u00e5n Ume\u00e4lven och en massa annat<\/p>\n\n\n\n<p><em><strong>F\u00f6rvaring<\/strong><\/em><br>B\u00f6r inte f\u00f6rvaras utan drickas<\/p>\n\n\n\n<p><em><strong>Passar bra <\/strong><\/em>hos<br>ICA, OKQ8 och Coop i V\u00e4sterbotten som s\u00e4ljer v\u00e5r Brus.<\/p>\n\n\n\n<p><\/p>\n","protected":false},"excerpt":{"rendered":"<p>Brus\/l\u00e4skeblask med b\u00e4r och frukt fr\u00e5n Lappland. Finns tv\u00e5 sorter, Orange med hjortron och Black med svarta vinb\u00e4r Oalkoholisk brus fr\u00e5n Lappland0 % volym, ofiltrerad IngredienserVatten fr\u00e5n Ume\u00e4lven och en massa annat F\u00f6rvaringB\u00f6r inte f\u00f6rvaras utan drickas Passar bra hosICA, OKQ8 och Coop i V\u00e4sterbotten som s\u00e4ljer v\u00e5r Brus.<\/p>\n","protected":false},"author":1,"featured_media":0,"parent":0,"menu_order":0,"comment_status":"closed","ping_status":"closed","template":"","meta":{"footnotes":""},"class_list":["post-1784","page","type-page","status-publish","hentry"],"_links":{"self":[{"href":"https:\/\/www.northernbrewers.se\/index.php\/wp-json\/wp\/v2\/pages\/1784"}],"collection":[{"href":"https:\/\/www.northernbrewers.se\/index.php\/wp-json\/wp\/v2\/pages"}],"about":[{"href":"https:\/\/www.northernbrewers.se\/index.php\/wp-json\/wp\/v2\/types\/page"}],"author":[{"embeddable":true,"href":"https:\/\/www.northernbrewers.se\/index.php\/wp-json\/wp\/v2\/users\/1"}],"replies":[{"embeddable":true,"href":"https:\/\/www.northernbrewers.se\/index.php\/wp-json\/wp\/v2\/comments?post=1784"}],"version-history":[{"count":2,"href":"https:\/\/www.northernbrewers.se\/index.php\/wp-json\/wp\/v2\/pages\/1784\/revisions"}],"predecessor-version":[{"id":1788,"href":"https:\/\/www.northernbrewers.se\/index.php\/wp-json\/wp\/v2\/pages\/1784\/revisions\/1788"}],"wp:attachment":[{"href":"https:\/\/www.northernbrewers.se\/index.php\/wp-json\/wp\/v2\/media?parent=1784"}],"curies":[{"name":"wp","href":"https:\/\/api.w.org\/{rel}","templated":true}]}}