{"id":1768,"date":"2024-10-16T14:14:20","date_gmt":"2024-10-16T12:14:20","guid":{"rendered":"https:\/\/www.northernbrewers.se\/?page_id=1768"},"modified":"2025-09-25T20:57:28","modified_gmt":"2025-09-25T18:57:28","slug":"katol-black-stout","status":"publish","type":"page","link":"https:\/\/www.northernbrewers.se\/index.php\/katol-black-stout\/","title":{"rendered":"K\u00e5t\u00f6l Black \u2013 Stout"},"content":{"rendered":"\n<figure class=\"wp-block-image alignleft size-large is-resized\"><img loading=\"lazy\" decoding=\"async\" width=\"637\" height=\"1030\" src=\"http:\/\/www.northernbrewers.se\/wp-content\/uploads\/2025\/09\/Stourburk-637x1030.png\" alt=\"\" class=\"wp-image-1889\" style=\"width:275px;height:auto\" srcset=\"https:\/\/www.northernbrewers.se\/wp-content\/uploads\/2025\/09\/Stourburk-637x1030.png 637w, https:\/\/www.northernbrewers.se\/wp-content\/uploads\/2025\/09\/Stourburk-186x300.png 186w, https:\/\/www.northernbrewers.se\/wp-content\/uploads\/2025\/09\/Stourburk-768x1242.png 768w, https:\/\/www.northernbrewers.se\/wp-content\/uploads\/2025\/09\/Stourburk-950x1536.png 950w, https:\/\/www.northernbrewers.se\/wp-content\/uploads\/2025\/09\/Stourburk-1267x2048.png 1267w\" sizes=\"(max-width: 637px) 100vw, 637px\" \/><\/figure>\n\n\n\n<p><br>En kraftig och mullig stout med maltig smak, inslag av s\u00f6tma,  m\u00f6rk sirap, kn\u00e4ckebr\u00f6d, choklad, kaffe, katrinplommon, citrus och n\u00f6tter. Nya tidens \u00f6l med inspiration fr\u00e5n Lappland.<\/p>\n\n\n\n<p><em><strong>Stark\u00f6l fr\u00e5n Lappland<\/strong><\/em><br>7,8 % volym, ofiltrerad<\/p>\n\n\n\n<p><em><strong>Ingredienser<\/strong><\/em><br>Vatten fr\u00e5n Ume\u00e4lven, kornmalt, humle och j\u00e4st.<\/p>\n\n\n\n<p><em><strong>F\u00f6rvaring<\/strong><\/em><br>B\u00f6r f\u00f6rvaras st\u00e5ende m\u00f6rkt och svalt. T\u00e5l att lagras.<\/p>\n\n\n\n<p><em><strong>Passar bra till<\/strong><\/em><br>r\u00e4tter med m\u00f6rkt k\u00f6tt, eller som s\u00e4llskapsdryck<\/p>\n\n\n\n<p><img loading=\"lazy\" decoding=\"async\" width=\"60\" height=\"38\" src=\"http:\/\/www.northernbrewers.se\/wp-content\/uploads\/2019\/03\/Ska%CC%88rmavbild-2019-06-26-kl.-16.38.53.png\" alt=\"\"><br>Systembolaget artikel nr\u00a0<a href=\"https:\/\/www.systembolaget.se\/produkt\/ol\/norrlandsbryggarna-3250615\/\" target=\"_blank\" rel=\"noreferrer noopener\">32506 \u203a\u203a<\/a><\/p>\n","protected":false},"excerpt":{"rendered":"<p>En kraftig och mullig stout med maltig smak, inslag av s\u00f6tma, m\u00f6rk sirap, kn\u00e4ckebr\u00f6d, choklad, kaffe, katrinplommon, citrus och n\u00f6tter. Nya tidens \u00f6l med inspiration fr\u00e5n Lappland. Stark\u00f6l fr\u00e5n Lappland7,8 % volym, ofiltrerad IngredienserVatten fr\u00e5n Ume\u00e4lven, kornmalt, humle och j\u00e4st. F\u00f6rvaringB\u00f6r f\u00f6rvaras st\u00e5ende m\u00f6rkt och svalt. T\u00e5l att lagras. Passar bra tillr\u00e4tter med m\u00f6rkt k\u00f6tt, [&hellip;]<\/p>\n","protected":false},"author":1,"featured_media":0,"parent":0,"menu_order":0,"comment_status":"closed","ping_status":"closed","template":"","meta":{"footnotes":""},"class_list":["post-1768","page","type-page","status-publish","hentry"],"_links":{"self":[{"href":"https:\/\/www.northernbrewers.se\/index.php\/wp-json\/wp\/v2\/pages\/1768"}],"collection":[{"href":"https:\/\/www.northernbrewers.se\/index.php\/wp-json\/wp\/v2\/pages"}],"about":[{"href":"https:\/\/www.northernbrewers.se\/index.php\/wp-json\/wp\/v2\/types\/page"}],"author":[{"embeddable":true,"href":"https:\/\/www.northernbrewers.se\/index.php\/wp-json\/wp\/v2\/users\/1"}],"replies":[{"embeddable":true,"href":"https:\/\/www.northernbrewers.se\/index.php\/wp-json\/wp\/v2\/comments?post=1768"}],"version-history":[{"count":5,"href":"https:\/\/www.northernbrewers.se\/index.php\/wp-json\/wp\/v2\/pages\/1768\/revisions"}],"predecessor-version":[{"id":1890,"href":"https:\/\/www.northernbrewers.se\/index.php\/wp-json\/wp\/v2\/pages\/1768\/revisions\/1890"}],"wp:attachment":[{"href":"https:\/\/www.northernbrewers.se\/index.php\/wp-json\/wp\/v2\/media?parent=1768"}],"curies":[{"name":"wp","href":"https:\/\/api.w.org\/{rel}","templated":true}]}}