{"id":1720,"date":"2024-10-15T18:28:46","date_gmt":"2024-10-15T16:28:46","guid":{"rendered":"https:\/\/www.northernbrewers.se\/?page_id=1720"},"modified":"2024-10-16T13:31:07","modified_gmt":"2024-10-16T11:31:07","slug":"katol-bock-lager","status":"publish","type":"page","link":"https:\/\/www.northernbrewers.se\/index.php\/katol-bock-lager\/","title":{"rendered":"K\u00e5t\u00f6l Bock Lager"},"content":{"rendered":"\n<div class=\"wp-block-image\"><figure class=\"alignleft size-large is-resized\"><img loading=\"lazy\" decoding=\"async\" src=\"http:\/\/www.northernbrewers.se\/wp-content\/uploads\/2024\/10\/Katbocksida1200_700-601x1030.png\" alt=\"\" class=\"wp-image-1717\" width=\"301\" height=\"515\" srcset=\"https:\/\/www.northernbrewers.se\/wp-content\/uploads\/2024\/10\/Katbocksida1200_700-601x1030.png 601w, https:\/\/www.northernbrewers.se\/wp-content\/uploads\/2024\/10\/Katbocksida1200_700-175x300.png 175w, https:\/\/www.northernbrewers.se\/wp-content\/uploads\/2024\/10\/Katbocksida1200_700-600x1029.png 600w, https:\/\/www.northernbrewers.se\/wp-content\/uploads\/2024\/10\/Katbocksida1200_700-411x705.png 411w, https:\/\/www.northernbrewers.se\/wp-content\/uploads\/2024\/10\/Katbocksida1200_700.png 700w\" sizes=\"(max-width: 301px) 100vw, 301px\" \/><\/figure><\/div>\n\n\n\n<p>K\u00e5t\u00f6l Bock Lager \u00e4r en modern och smakrik lager som bryggs med \u00e4kta Norrl\u00e4ndsk k\u00e4rlek! Maltig smak med liten s\u00f6tma, inslag av m\u00f6rkt kn\u00e4ckebr\u00f6d, sirap, torkad frukt och apelsin. Fyllig och uppfriskande som en bock\u00f6l ska vara. Nya tidens \u00f6l med inspiration fr\u00e5n Lappland.<\/p>\n\n\n\n<p><strong><em>Svensk stark\u00f6l<\/em><\/strong><br><em>6,4 % volym<\/em><\/p>\n\n\n\n<p><strong><em>Ingredienser<\/em><\/strong><br>Vatten, kornmalt, humle och j\u00e4st.<\/p>\n\n\n\n<p><strong><em>F\u00f6rvaring<\/em><\/strong><br><em>B\u00f6r f\u00f6rvaras m\u00f6rkt och svalt.<\/em><\/p>\n\n\n\n<p><strong><em>Passar bra som<\/em><\/strong><br><em>s\u00e4llskapsdryck eller till r\u00e4tter av fl\u00e4sk- eller lammk\u00f6tt.<\/em><\/p>\n\n\n\n<p><strong><em>Passar bra till<\/em><\/strong><br><em>r\u00e4tter av lamm- och n\u00f6tk\u00f6tt och som s\u00e4llskapsdryck.<\/em><\/p>\n\n\n\n<p><img loading=\"lazy\" decoding=\"async\" width=\"60\" height=\"38\" src=\"http:\/\/www.northernbrewers.se\/wp-content\/uploads\/2019\/03\/Ska%CC%88rmavbild-2019-06-26-kl.-16.38.53.png\" alt=\"\"><br>Systembolaget artikel nr&nbsp;<a href=\"https:\/\/www.systembolaget.se\/produkt\/ol\/northern-brewers-3259715\/\" target=\"_blank\" rel=\"noreferrer noopener\">32597 \u203a\u203a<\/a><\/p>\n","protected":false},"excerpt":{"rendered":"<p>K\u00e5t\u00f6l Bock Lager \u00e4r en modern och smakrik lager som bryggs med \u00e4kta Norrl\u00e4ndsk k\u00e4rlek! Maltig smak med liten s\u00f6tma, inslag av m\u00f6rkt kn\u00e4ckebr\u00f6d, sirap, torkad frukt och apelsin. Fyllig och uppfriskande som en bock\u00f6l ska vara. Nya tidens \u00f6l med inspiration fr\u00e5n Lappland. Svensk stark\u00f6l6,4 % volym IngredienserVatten, kornmalt, humle och j\u00e4st. F\u00f6rvaringB\u00f6r f\u00f6rvaras [&hellip;]<\/p>\n","protected":false},"author":1,"featured_media":0,"parent":0,"menu_order":0,"comment_status":"closed","ping_status":"closed","template":"","meta":{"footnotes":""},"class_list":["post-1720","page","type-page","status-publish","hentry"],"_links":{"self":[{"href":"https:\/\/www.northernbrewers.se\/index.php\/wp-json\/wp\/v2\/pages\/1720"}],"collection":[{"href":"https:\/\/www.northernbrewers.se\/index.php\/wp-json\/wp\/v2\/pages"}],"about":[{"href":"https:\/\/www.northernbrewers.se\/index.php\/wp-json\/wp\/v2\/types\/page"}],"author":[{"embeddable":true,"href":"https:\/\/www.northernbrewers.se\/index.php\/wp-json\/wp\/v2\/users\/1"}],"replies":[{"embeddable":true,"href":"https:\/\/www.northernbrewers.se\/index.php\/wp-json\/wp\/v2\/comments?post=1720"}],"version-history":[{"count":3,"href":"https:\/\/www.northernbrewers.se\/index.php\/wp-json\/wp\/v2\/pages\/1720\/revisions"}],"predecessor-version":[{"id":1741,"href":"https:\/\/www.northernbrewers.se\/index.php\/wp-json\/wp\/v2\/pages\/1720\/revisions\/1741"}],"wp:attachment":[{"href":"https:\/\/www.northernbrewers.se\/index.php\/wp-json\/wp\/v2\/media?parent=1720"}],"curies":[{"name":"wp","href":"https:\/\/api.w.org\/{rel}","templated":true}]}}