{"id":1638,"date":"2024-10-06T18:27:47","date_gmt":"2024-10-06T16:27:47","guid":{"rendered":"https:\/\/www.northernbrewers.se\/?page_id=1638"},"modified":"2025-01-27T09:31:27","modified_gmt":"2025-01-27T08:31:27","slug":"ipl-indian-pale-lager","status":"publish","type":"page","link":"https:\/\/www.northernbrewers.se\/index.php\/ipl-indian-pale-lager\/","title":{"rendered":"Sn\u00e5ttren \u2013 IPL"},"content":{"rendered":"\n<figure class=\"wp-block-image alignleft size-large is-resized\"><img loading=\"lazy\" decoding=\"async\" width=\"669\" height=\"1030\" src=\"http:\/\/www.northernbrewers.se\/wp-content\/uploads\/2025\/01\/Snattren-669x1030.png\" alt=\"\" class=\"wp-image-1839\" style=\"width:auto;height:515px\" srcset=\"https:\/\/www.northernbrewers.se\/wp-content\/uploads\/2025\/01\/Snattren-669x1030.png 669w, https:\/\/www.northernbrewers.se\/wp-content\/uploads\/2025\/01\/Snattren-195x300.png 195w, https:\/\/www.northernbrewers.se\/wp-content\/uploads\/2025\/01\/Snattren-768x1182.png 768w, https:\/\/www.northernbrewers.se\/wp-content\/uploads\/2025\/01\/Snattren-998x1536.png 998w, https:\/\/www.northernbrewers.se\/wp-content\/uploads\/2025\/01\/Snattren-1331x2048.png 1331w, https:\/\/www.northernbrewers.se\/wp-content\/uploads\/2025\/01\/Snattren-975x1500.png 975w, https:\/\/www.northernbrewers.se\/wp-content\/uploads\/2025\/01\/Snattren-458x705.png 458w, https:\/\/www.northernbrewers.se\/wp-content\/uploads\/2025\/01\/Snattren-1320x2032.png 1320w\" sizes=\"(max-width: 669px) 100vw, 669px\" \/><\/figure>\n\n\n\n<p><strong>India Pale Ale med Hjortron<\/strong><br><em>Bryggd som en fr\u00e4sch lager men humlad som<\/em> <em>en IPA. V\u00e5r unika \u00f6l kombinerar amerikanska<\/em> <br><em>humlesorter med norrl\u00e4ndska hjortron<\/em><\/p>\n\n\n\n<p><em><strong>Stark\u00f6l fr\u00e5n Lappland<\/strong><\/em><br>6,0 % volym, ofiltrerad<\/p>\n\n\n\n<p><em><strong>Ingredienser<\/strong><\/em><br>Vatten fr\u00e5n Ume\u00e4lven, kornmalt, havre, hjortron, laktos humle och j\u00e4st.<\/p>\n\n\n\n<p><em><strong>F\u00f6rvaring<\/strong><\/em><br>St\u00e5ende m\u00f6rkt och svalt. T\u00e5l att lagras.<\/p>\n\n\n\n<p><em><strong>Passar bra&nbsp;<\/strong><\/em><strong><em>som:<\/em><\/strong><br><em>Grillade och stekta<\/em> <em>r\u00e4tter, smakrika<\/em> <em>h\u00e5rdostar och asiatiskt<\/em> <em>kryddade r\u00e4tter<\/em><\/p>\n\n\n\n<figure class=\"wp-block-image\"><img decoding=\"async\" src=\"http:\/\/www.northernbrewers.se\/wp-content\/uploads\/2019\/03\/Ska%CC%88rmavbild-2019-06-26-kl.-16.38.53.png\" alt=\"\" class=\"wp-image-472\"\/><\/figure>\n\n\n\n<p>Systembolaget artikel nr&nbsp;<a href=\"https:\/\/www.systembolaget.se\/produkt\/ol\/norrlandsbryggarna-3362815\/\" target=\"_blank\" rel=\"noreferrer noopener\">33628&nbsp;\u203a\u203a<\/a><\/p>\n","protected":false},"excerpt":{"rendered":"<p>India Pale Ale med HjortronBryggd som en fr\u00e4sch lager men humlad som en IPA. V\u00e5r unika \u00f6l kombinerar amerikanska humlesorter med norrl\u00e4ndska hjortron Stark\u00f6l fr\u00e5n Lappland6,0 % volym, ofiltrerad IngredienserVatten fr\u00e5n Ume\u00e4lven, kornmalt, havre, hjortron, laktos humle och j\u00e4st. F\u00f6rvaringSt\u00e5ende m\u00f6rkt och svalt. T\u00e5l att lagras. Passar bra&nbsp;som:Grillade och stekta r\u00e4tter, smakrika h\u00e5rdostar och asiatiskt [&hellip;]<\/p>\n","protected":false},"author":1,"featured_media":0,"parent":0,"menu_order":0,"comment_status":"closed","ping_status":"closed","template":"","meta":{"footnotes":""},"class_list":["post-1638","page","type-page","status-publish","hentry"],"_links":{"self":[{"href":"https:\/\/www.northernbrewers.se\/index.php\/wp-json\/wp\/v2\/pages\/1638"}],"collection":[{"href":"https:\/\/www.northernbrewers.se\/index.php\/wp-json\/wp\/v2\/pages"}],"about":[{"href":"https:\/\/www.northernbrewers.se\/index.php\/wp-json\/wp\/v2\/types\/page"}],"author":[{"embeddable":true,"href":"https:\/\/www.northernbrewers.se\/index.php\/wp-json\/wp\/v2\/users\/1"}],"replies":[{"embeddable":true,"href":"https:\/\/www.northernbrewers.se\/index.php\/wp-json\/wp\/v2\/comments?post=1638"}],"version-history":[{"count":5,"href":"https:\/\/www.northernbrewers.se\/index.php\/wp-json\/wp\/v2\/pages\/1638\/revisions"}],"predecessor-version":[{"id":1844,"href":"https:\/\/www.northernbrewers.se\/index.php\/wp-json\/wp\/v2\/pages\/1638\/revisions\/1844"}],"wp:attachment":[{"href":"https:\/\/www.northernbrewers.se\/index.php\/wp-json\/wp\/v2\/media?parent=1638"}],"curies":[{"name":"wp","href":"https:\/\/api.w.org\/{rel}","templated":true}]}}