{"id":162,"date":"2017-10-11T09:54:41","date_gmt":"2017-10-11T07:54:41","guid":{"rendered":"http:\/\/www.northernbrewers.se\/?page_id=162"},"modified":"2023-01-26T12:51:55","modified_gmt":"2023-01-26T11:51:55","slug":"vara-vanner-pa-natet","status":"publish","type":"page","link":"https:\/\/www.northernbrewers.se\/index.php\/vara-vanner-pa-natet\/","title":{"rendered":"V\u00e5ra v\u00e4nner p\u00e5 n\u00e4tet"},"content":{"rendered":"\n<p><\/p>\n\n\n<p><a href=\"https:\/\/katol.se\" target=\"_blank\" rel=\"noopener noreferrer\"><strong>K\u00e5t\u00f6l<br \/>\n<\/strong><\/a>Nya tidens \u00f6l med inspiration fr\u00e5n Lappland. \u00d6l som vi legobrygger med gl\u00e4dje.<\/p>\n<p><a href=\"http:\/\/www.svenskaol.se\/\" target=\"_blank\" rel=\"noopener noreferrer\"><strong>Svenska \u00f6l<\/strong><\/a><br \/>\nProvar och recenserar \u00f6l.<\/p>\n<p><a href=\"https:\/\/untappd.com\/w\/northern-brewers-norrlandsbryggarna\/338358\" target=\"_blank\" rel=\"noopener noreferrer\"><strong>Untappd<\/strong><\/a><br \/>\n\u00d6lrecensioner fr\u00e5n kunder.<\/p>\n<p><a href=\"https:\/\/www.ratebeer.com\/brewers\/norrlandsbryggarna\/32974\/\" target=\"_blank\" rel=\"noopener noreferrer\"><strong>Ratebeer<\/strong><\/a><br \/>\n\u00d6lrecensioner fr\u00e5n kunder.<\/p>\n<p>&nbsp;<\/p>\n<p>&nbsp;<\/p>\n","protected":false},"excerpt":{"rendered":"","protected":false},"author":1,"featured_media":0,"parent":0,"menu_order":0,"comment_status":"closed","ping_status":"closed","template":"","meta":{"footnotes":""},"class_list":["post-162","page","type-page","status-publish","hentry"],"_links":{"self":[{"href":"https:\/\/www.northernbrewers.se\/index.php\/wp-json\/wp\/v2\/pages\/162"}],"collection":[{"href":"https:\/\/www.northernbrewers.se\/index.php\/wp-json\/wp\/v2\/pages"}],"about":[{"href":"https:\/\/www.northernbrewers.se\/index.php\/wp-json\/wp\/v2\/types\/page"}],"author":[{"embeddable":true,"href":"https:\/\/www.northernbrewers.se\/index.php\/wp-json\/wp\/v2\/users\/1"}],"replies":[{"embeddable":true,"href":"https:\/\/www.northernbrewers.se\/index.php\/wp-json\/wp\/v2\/comments?post=162"}],"version-history":[{"count":5,"href":"https:\/\/www.northernbrewers.se\/index.php\/wp-json\/wp\/v2\/pages\/162\/revisions"}],"predecessor-version":[{"id":1386,"href":"https:\/\/www.northernbrewers.se\/index.php\/wp-json\/wp\/v2\/pages\/162\/revisions\/1386"}],"wp:attachment":[{"href":"https:\/\/www.northernbrewers.se\/index.php\/wp-json\/wp\/v2\/media?parent=162"}],"curies":[{"name":"wp","href":"https:\/\/api.w.org\/{rel}","templated":true}]}}