{"id":1375,"date":"2023-01-25T15:43:36","date_gmt":"2023-01-25T14:43:36","guid":{"rendered":"http:\/\/www.northernbrewers.se\/?page_id=1375"},"modified":"2023-01-25T15:43:37","modified_gmt":"2023-01-25T14:43:37","slug":"vara-norrlandska-ravaror","status":"publish","type":"page","link":"https:\/\/www.northernbrewers.se\/index.php\/vara-norrlandska-ravaror\/","title":{"rendered":"V\u00e5ra Norrl\u00e4ndska r\u00e5varor"},"content":{"rendered":"\n<p>Dessa norrl\u00e4ndska ingredienser anv\u00e4nder vi som smaks\u00e4ttare i v\u00e5ra \u00f6l.<\/p>\n\n\n\n<p><strong>KVANNE<\/strong><\/p>\n\n\n\n<p>Mer info kommer<\/p>\n\n\n\n<p><strong>\u00c4LG\u00d6RT<\/strong><br>Mer info kommer<\/p>\n\n\n\n<p><strong>BJ\u00d6RKSAV<\/strong><br>Mer info kommer<\/p>\n\n\n\n<p><strong>KR\u00c5KB\u00c4R<\/strong><br>Mer info kommer<\/p>\n\n\n\n<p><strong>HJORTRON<\/strong><br>Mer info kommer<\/p>\n\n\n\n<p><strong>H\u00c4GGMISPEL<\/strong><br>Mer info kommer<\/p>\n","protected":false},"excerpt":{"rendered":"<p>Dessa norrl\u00e4ndska ingredienser anv\u00e4nder vi som smaks\u00e4ttare i v\u00e5ra \u00f6l. KVANNE Mer info kommer \u00c4LG\u00d6RTMer info kommer BJ\u00d6RKSAVMer info kommer KR\u00c5KB\u00c4RMer info kommer HJORTRONMer info kommer H\u00c4GGMISPELMer info kommer<\/p>\n","protected":false},"author":1,"featured_media":0,"parent":0,"menu_order":0,"comment_status":"closed","ping_status":"closed","template":"","meta":{"footnotes":""},"class_list":["post-1375","page","type-page","status-publish","hentry"],"_links":{"self":[{"href":"https:\/\/www.northernbrewers.se\/index.php\/wp-json\/wp\/v2\/pages\/1375"}],"collection":[{"href":"https:\/\/www.northernbrewers.se\/index.php\/wp-json\/wp\/v2\/pages"}],"about":[{"href":"https:\/\/www.northernbrewers.se\/index.php\/wp-json\/wp\/v2\/types\/page"}],"author":[{"embeddable":true,"href":"https:\/\/www.northernbrewers.se\/index.php\/wp-json\/wp\/v2\/users\/1"}],"replies":[{"embeddable":true,"href":"https:\/\/www.northernbrewers.se\/index.php\/wp-json\/wp\/v2\/comments?post=1375"}],"version-history":[{"count":1,"href":"https:\/\/www.northernbrewers.se\/index.php\/wp-json\/wp\/v2\/pages\/1375\/revisions"}],"predecessor-version":[{"id":1376,"href":"https:\/\/www.northernbrewers.se\/index.php\/wp-json\/wp\/v2\/pages\/1375\/revisions\/1376"}],"wp:attachment":[{"href":"https:\/\/www.northernbrewers.se\/index.php\/wp-json\/wp\/v2\/media?parent=1375"}],"curies":[{"name":"wp","href":"https:\/\/api.w.org\/{rel}","templated":true}]}}