{"id":1320,"date":"2023-01-25T11:41:16","date_gmt":"2023-01-25T10:41:16","guid":{"rendered":"http:\/\/www.northernbrewers.se\/?page_id=1320"},"modified":"2024-10-15T17:17:20","modified_gmt":"2024-10-15T15:17:20","slug":"folklig-katol","status":"publish","type":"page","link":"https:\/\/www.northernbrewers.se\/index.php\/folklig-katol\/","title":{"rendered":"Folklig K\u00e5t\u00f6l"},"content":{"rendered":"\n<div class=\"wp-block-image\"><figure class=\"alignleft size-large is-resized\"><img loading=\"lazy\" decoding=\"async\" src=\"http:\/\/www.northernbrewers.se\/wp-content\/uploads\/2024\/10\/Katfolksida1200_700-601x1030.png\" alt=\"\" class=\"wp-image-1683\" width=\"301\" height=\"515\" srcset=\"https:\/\/www.northernbrewers.se\/wp-content\/uploads\/2024\/10\/Katfolksida1200_700-601x1030.png 601w, https:\/\/www.northernbrewers.se\/wp-content\/uploads\/2024\/10\/Katfolksida1200_700-175x300.png 175w, https:\/\/www.northernbrewers.se\/wp-content\/uploads\/2024\/10\/Katfolksida1200_700-600x1029.png 600w, https:\/\/www.northernbrewers.se\/wp-content\/uploads\/2024\/10\/Katfolksida1200_700-411x705.png 411w, https:\/\/www.northernbrewers.se\/wp-content\/uploads\/2024\/10\/Katfolksida1200_700.png 700w\" sizes=\"(max-width: 301px) 100vw, 301px\" \/><\/figure><\/div>\n\n\n\n<p>En modern folklig lager som bryggs i Lappland med \u00e4kta Norrl\u00e4ndsk k\u00e4rlek! Smaken \u00e4r maltig, frisk och ren.<br>Nya tidens folk\u00f6l med inspiration fr\u00e5n Lappland.<\/p>\n\n\n\n<p><em><strong>Folk fr\u00e5n Lappland<\/strong><\/em><br>3,5 % volym, ofiltrerad<\/p>\n\n\n\n<p><em><strong>Ingredienser<\/strong><\/em><br>Vatten fr\u00e5n Ume\u00e4lven, ekologisk kornmalt,, humle och j\u00e4st.<\/p>\n\n\n\n<p><em><strong>F\u00f6rvaring<\/strong><\/em><br>B\u00f6r f\u00f6rvaras st\u00e5ende m\u00f6rkt och svalt. T\u00e5l att lagras.<\/p>\n\n\n\n<p><em><strong>Passar bra till<\/strong><\/em><br>Egentligen allt, perfekt till fisk eller ljust k\u00f6tt och som t\u00f6rstsl\u00e4ckare.<\/p>\n","protected":false},"excerpt":{"rendered":"<p>En modern folklig lager som bryggs i Lappland med \u00e4kta Norrl\u00e4ndsk k\u00e4rlek! Smaken \u00e4r maltig, frisk och ren.Nya tidens folk\u00f6l med inspiration fr\u00e5n Lappland. Folk fr\u00e5n Lappland3,5 % volym, ofiltrerad IngredienserVatten fr\u00e5n Ume\u00e4lven, ekologisk kornmalt,, humle och j\u00e4st. F\u00f6rvaringB\u00f6r f\u00f6rvaras st\u00e5ende m\u00f6rkt och svalt. T\u00e5l att lagras. Passar bra tillEgentligen allt, perfekt till fisk eller [&hellip;]<\/p>\n","protected":false},"author":1,"featured_media":0,"parent":0,"menu_order":0,"comment_status":"closed","ping_status":"closed","template":"","meta":{"footnotes":""},"class_list":["post-1320","page","type-page","status-publish","hentry"],"_links":{"self":[{"href":"https:\/\/www.northernbrewers.se\/index.php\/wp-json\/wp\/v2\/pages\/1320"}],"collection":[{"href":"https:\/\/www.northernbrewers.se\/index.php\/wp-json\/wp\/v2\/pages"}],"about":[{"href":"https:\/\/www.northernbrewers.se\/index.php\/wp-json\/wp\/v2\/types\/page"}],"author":[{"embeddable":true,"href":"https:\/\/www.northernbrewers.se\/index.php\/wp-json\/wp\/v2\/users\/1"}],"replies":[{"embeddable":true,"href":"https:\/\/www.northernbrewers.se\/index.php\/wp-json\/wp\/v2\/comments?post=1320"}],"version-history":[{"count":6,"href":"https:\/\/www.northernbrewers.se\/index.php\/wp-json\/wp\/v2\/pages\/1320\/revisions"}],"predecessor-version":[{"id":1701,"href":"https:\/\/www.northernbrewers.se\/index.php\/wp-json\/wp\/v2\/pages\/1320\/revisions\/1701"}],"wp:attachment":[{"href":"https:\/\/www.northernbrewers.se\/index.php\/wp-json\/wp\/v2\/media?parent=1320"}],"curies":[{"name":"wp","href":"https:\/\/api.w.org\/{rel}","templated":true}]}}